{"id":1372,"date":"2025-09-30T12:32:32","date_gmt":"2025-09-30T10:32:32","guid":{"rendered":"https:\/\/nocanary.com\/?page_id=1372"},"modified":"2025-10-07T11:42:27","modified_gmt":"2025-10-07T09:42:27","slug":"schwerteil-separierung-2","status":"publish","type":"page","link":"https:\/\/nocanary.com\/de\/recycling-anlagen\/schwerteil-separierung-2\/","title":{"rendered":"Schwerteil-Separierung"},"content":{"rendered":"\t\t<div data-elementor-type=\"wp-page\" data-elementor-id=\"1372\" class=\"elementor elementor-1372\" data-elementor-post-type=\"page\">\n\t\t\t\t\t\t<section class=\"elementor-section elementor-top-section elementor-element elementor-element-5c5f953 elementor-section-height-min-height elementor-section-items-stretch elementor-section-content-bottom elementor-section-boxed elementor-section-height-default\" data-id=\"5c5f953\" data-element_type=\"section\" data-settings=\"{&quot;background_background&quot;:&quot;classic&quot;}\">\n\t\t\t\t\t\t<div class=\"elementor-container elementor-column-gap-no\">\n\t\t\t\t\t<div class=\"elementor-column elementor-col-100 elementor-top-column elementor-element elementor-element-4cd507f\" data-id=\"4cd507f\" data-element_type=\"column\">\n\t\t\t<div class=\"elementor-widget-wrap elementor-element-populated\">\n\t\t\t\t\t\t<div class=\"elementor-element elementor-element-8bc93b3 elementor-widget elementor-widget-heading\" data-id=\"8bc93b3\" data-element_type=\"widget\" data-widget_type=\"heading.default\">\n\t\t\t\t<div class=\"elementor-widget-container\">\n\t\t\t\t\t<h1 class=\"elementor-heading-title elementor-size-default\">Schwerteil-Separierung <br>\n(Heavy Parts Separation)<\/h1>\t\t\t\t<\/div>\n\t\t\t\t<\/div>\n\t\t\t\t\t<\/div>\n\t\t<\/div>\n\t\t\t\t\t<\/div>\n\t\t<\/section>\n\t\t\t\t<section class=\"elementor-section elementor-top-section elementor-element elementor-element-26a9140 elementor-reverse-mobile elementor-section-boxed elementor-section-height-default elementor-section-height-default\" data-id=\"26a9140\" data-element_type=\"section\" data-settings=\"{&quot;background_background&quot;:&quot;classic&quot;}\">\n\t\t\t\t\t\t<div class=\"elementor-container elementor-column-gap-default\">\n\t\t\t\t\t<div class=\"elementor-column elementor-col-50 elementor-top-column elementor-element elementor-element-73a3533\" data-id=\"73a3533\" data-element_type=\"column\">\n\t\t\t<div class=\"elementor-widget-wrap elementor-element-populated\">\n\t\t\t\t\t\t<div class=\"elementor-element elementor-element-cdab476 elementor-widget elementor-widget-text-editor\" data-id=\"cdab476\" data-element_type=\"widget\" data-widget_type=\"text-editor.default\">\n\t\t\t\t<div class=\"elementor-widget-container\">\n\t\t\t\t\t\t\t\t\t<p class=\"FirstParagraph\">Im Schritt der <strong>Schwerteil-Separierung<\/strong> sorgt No\u00a0Canary daf\u00fcr, dass aus dem zerkleinerten Batteriematerial die <strong>groben, schweren Bestandteile<\/strong> \u2013 also vor allem Metall- und Geh\u00e4usest\u00fccke \u2013 abgetrennt werden. Anschaulich erkl\u00e4rt: Wir trennen die <strong>schweren Brocken<\/strong> (wie Schrauben, Zellgeh\u00e4use, Kupfer-\/Aluminium-St\u00fccke) von den leichten, feinen Bestandteilen (Pulver und Folien). Wir holen im Recyclingprozess fr\u00fchzeitig all das Material heraus, was sp\u00e4ter als <strong>Metallschrott<\/strong> recycelt werden kann, und sch\u00fctzen gleichzeitig den weiteren Prozess vor diesen groben Teilen.\u00a0<\/p>\t\t\t\t\t\t\t\t<\/div>\n\t\t\t\t<\/div>\n\t\t\t\t\t<\/div>\n\t\t<\/div>\n\t\t\t\t<div class=\"elementor-column elementor-col-50 elementor-top-column elementor-element elementor-element-2bb7fb2\" data-id=\"2bb7fb2\" data-element_type=\"column\">\n\t\t\t<div class=\"elementor-widget-wrap elementor-element-populated\">\n\t\t\t\t\t\t<div class=\"elementor-element elementor-element-174897e elementor-widget elementor-widget-text-editor\" data-id=\"174897e\" data-element_type=\"widget\" data-widget_type=\"text-editor.default\">\n\t\t\t\t<div class=\"elementor-widget-container\">\n\t\t\t\t\t\t\t\t\t<p>No\u00a0Canary bietet mit der Schwerteil-Separierung also einen eigenen Anlagenabschnitt, der die Qualit\u00e4t der Endprodukte steigert und die Effizienz der Anlage erh\u00f6ht. Wir isolieren wertvolle Metallteile (die man direkt weiterverkaufen kann) und entlasten die Feinaufbereitung \u2013 was die Anlage <strong>wirtschaftlicher und sicherer<\/strong> macht.<\/p>\t\t\t\t\t\t\t\t<\/div>\n\t\t\t\t<\/div>\n\t\t\t\t\t<\/div>\n\t\t<\/div>\n\t\t\t\t\t<\/div>\n\t\t<\/section>\n\t\t\t\t<section class=\"elementor-section elementor-top-section elementor-element elementor-element-7e601ee elementor-reverse-mobile elementor-section-boxed elementor-section-height-default elementor-section-height-default\" data-id=\"7e601ee\" data-element_type=\"section\" data-settings=\"{&quot;background_background&quot;:&quot;classic&quot;}\">\n\t\t\t\t\t\t<div class=\"elementor-container elementor-column-gap-wide\">\n\t\t\t\t\t<div class=\"elementor-column elementor-col-100 elementor-top-column elementor-element elementor-element-f8b20d3\" data-id=\"f8b20d3\" data-element_type=\"column\">\n\t\t\t<div class=\"elementor-widget-wrap elementor-element-populated\">\n\t\t\t\t\t\t<div class=\"elementor-element elementor-element-f53f6db elementor-widget elementor-widget-image\" data-id=\"f53f6db\" data-element_type=\"widget\" data-widget_type=\"image.default\">\n\t\t\t\t<div class=\"elementor-widget-container\">\n\t\t\t\t\t\t\t\t\t\t\t\t\t\t\t<img fetchpriority=\"high\" decoding=\"async\" width=\"800\" height=\"534\" src=\"https:\/\/nocanary.com\/wp-content\/uploads\/2025\/10\/NoCanary_nov23_41Lres-1024x683.webp\" class=\"attachment-large size-large wp-image-1424\" alt=\"\" srcset=\"https:\/\/nocanary.com\/wp-content\/uploads\/2025\/10\/NoCanary_nov23_41Lres-1024x683.webp 1024w, https:\/\/nocanary.com\/wp-content\/uploads\/2025\/10\/NoCanary_nov23_41Lres-300x200.webp 300w, https:\/\/nocanary.com\/wp-content\/uploads\/2025\/10\/NoCanary_nov23_41Lres-768x512.webp 768w, https:\/\/nocanary.com\/wp-content\/uploads\/2025\/10\/NoCanary_nov23_41Lres-1536x1025.webp 1536w, https:\/\/nocanary.com\/wp-content\/uploads\/2025\/10\/NoCanary_nov23_41Lres.webp 2000w\" sizes=\"(max-width: 800px) 100vw, 800px\" \/>\t\t\t\t\t\t\t\t\t\t\t\t\t\t\t<\/div>\n\t\t\t\t<\/div>\n\t\t\t\t\t<\/div>\n\t\t<\/div>\n\t\t\t\t\t<\/div>\n\t\t<\/section>\n\t\t\t\t<section class=\"elementor-section elementor-top-section elementor-element elementor-element-2c54870 elementor-reverse-mobile elementor-section-boxed elementor-section-height-default elementor-section-height-default\" data-id=\"2c54870\" data-element_type=\"section\" data-settings=\"{&quot;background_background&quot;:&quot;classic&quot;}\">\n\t\t\t\t\t\t<div class=\"elementor-container elementor-column-gap-default\">\n\t\t\t\t\t<div class=\"elementor-column elementor-col-50 elementor-top-column elementor-element elementor-element-e98a4f5\" data-id=\"e98a4f5\" data-element_type=\"column\">\n\t\t\t<div class=\"elementor-widget-wrap elementor-element-populated\">\n\t\t\t\t\t\t<div class=\"elementor-element elementor-element-b29b32e elementor-widget elementor-widget-text-editor\" data-id=\"b29b32e\" data-element_type=\"widget\" data-widget_type=\"text-editor.default\">\n\t\t\t\t<div class=\"elementor-widget-container\">\n\t\t\t\t\t\t\t\t\t<p class=\"FirstParagraph\">Wir liefern eine <strong>modulare Separationseinheit<\/strong>, die nach dem Pre-Modul (Zerkleinerung\/Trocknung) geschaltet ist. Diese Einheit besteht in der Regel aus einem <strong>Zick-Zack-Sichter<\/strong> sowie nachgeschalteten <strong>Sortieraggregaten<\/strong>. Zun\u00e4chst wird das Mischgut (trockenes Granulat aus dem Shredder) in einen vertikalen Zick-Zack-Kanal eingetragen, durch den ein Luftstrom von unten nach oben str\u00f6mt. Dieses <strong>Zig-Zag-Sifting<\/strong> trennt per Luftklassierung die schwere Fraktion (Heavy Parts) von der leichten Fraktion: Schwere Teilchen (&gt; ca. 5\u00a0mm, z.B. Metallst\u00fccke, dichtes Plastikteile) fallen nach unten, w\u00e4hrend leichtere Partikel und Folien nach oben ausgetragen werden.<\/p>\t\t\t\t\t\t\t\t<\/div>\n\t\t\t\t<\/div>\n\t\t\t\t\t<\/div>\n\t\t<\/div>\n\t\t\t\t<div class=\"elementor-column elementor-col-50 elementor-top-column elementor-element elementor-element-08107aa\" data-id=\"08107aa\" data-element_type=\"column\">\n\t\t\t<div class=\"elementor-widget-wrap elementor-element-populated\">\n\t\t\t\t\t\t<div class=\"elementor-element elementor-element-1f1beb4 elementor-widget elementor-widget-text-editor\" data-id=\"1f1beb4\" data-element_type=\"widget\" data-widget_type=\"text-editor.default\">\n\t\t\t\t<div class=\"elementor-widget-container\">\n\t\t\t\t\t\t\t\t\t<p>Wir bieten diese Stufe komplett mit Gebl\u00e4se, Kanal und F\u00f6rderschnecken\/Schurren f\u00fcr die getrennten Str\u00f6me an. Die ausgeschleuste <strong>Schwerteilfraktion<\/strong> (typischerweise 5\u201310\u00a0mm gro\u00dfe St\u00fccke aus Stahl, Kupfer, Alu, hartem Kunststoff) kann anschlie\u00dfend \u00fcber <strong>Magnetabscheider<\/strong> und <strong>Wirbelstromseparatoren<\/strong> weiter aufgeschlossen werden: Ferromagnetische Bestandteile (Stahl, Eisen) werden per Magnetband entnommen, die verbliebenen Nichteisen-Metalle (haupts\u00e4chlich Aluminium- und Kupferst\u00fccke) trennt der Wirbelstromabscheider von nichtleitenden Kunststoffen.<\/p>\t\t\t\t\t\t\t\t<\/div>\n\t\t\t\t<\/div>\n\t\t\t\t\t<\/div>\n\t\t<\/div>\n\t\t\t\t\t<\/div>\n\t\t<\/section>\n\t\t\t\t<\/div>\n\t\t","protected":false},"excerpt":{"rendered":"<p>Schwerteil-Separierung (Heavy Parts Separation) Im Schritt der Schwerteil-Separierung sorgt No\u00a0Canary daf\u00fcr, dass aus dem zerkleinerten Batteriematerial die groben, schweren Bestandteile \u2013 also vor allem Metall- und Geh\u00e4usest\u00fccke \u2013 abgetrennt werden. Anschaulich erkl\u00e4rt: Wir trennen die schweren Brocken (wie Schrauben, Zellgeh\u00e4use, Kupfer-\/Aluminium-St\u00fccke) von den leichten, feinen Bestandteilen (Pulver und Folien). Wir holen im Recyclingprozess fr\u00fchzeitig all [&hellip;]<\/p>\n","protected":false},"author":6,"featured_media":0,"parent":354,"menu_order":0,"comment_status":"closed","ping_status":"closed","template":"","meta":{"footnotes":""},"class_list":["post-1372","page","type-page","status-publish","hentry"],"_links":{"self":[{"href":"https:\/\/nocanary.com\/de\/wp-json\/wp\/v2\/pages\/1372","targetHints":{"allow":["GET"]}}],"collection":[{"href":"https:\/\/nocanary.com\/de\/wp-json\/wp\/v2\/pages"}],"about":[{"href":"https:\/\/nocanary.com\/de\/wp-json\/wp\/v2\/types\/page"}],"author":[{"embeddable":true,"href":"https:\/\/nocanary.com\/de\/wp-json\/wp\/v2\/users\/6"}],"replies":[{"embeddable":true,"href":"https:\/\/nocanary.com\/de\/wp-json\/wp\/v2\/comments?post=1372"}],"version-history":[{"count":11,"href":"https:\/\/nocanary.com\/de\/wp-json\/wp\/v2\/pages\/1372\/revisions"}],"predecessor-version":[{"id":1476,"href":"https:\/\/nocanary.com\/de\/wp-json\/wp\/v2\/pages\/1372\/revisions\/1476"}],"up":[{"embeddable":true,"href":"https:\/\/nocanary.com\/de\/wp-json\/wp\/v2\/pages\/354"}],"wp:attachment":[{"href":"https:\/\/nocanary.com\/de\/wp-json\/wp\/v2\/media?parent=1372"}],"curies":[{"name":"wp","href":"https:\/\/api.w.org\/{rel}","templated":true}]}}