{"id":1390,"date":"2025-09-30T12:43:59","date_gmt":"2025-09-30T10:43:59","guid":{"rendered":"https:\/\/nocanary.com\/?page_id=1390"},"modified":"2025-10-07T11:54:52","modified_gmt":"2025-10-07T09:54:52","slug":"luftstrahlsiebung","status":"publish","type":"page","link":"https:\/\/nocanary.com\/de\/recycling-anlagen\/luftstrahlsiebung\/","title":{"rendered":"Luftstrahlsiebung"},"content":{"rendered":"\t\t<div data-elementor-type=\"wp-page\" data-elementor-id=\"1390\" class=\"elementor elementor-1390\" data-elementor-post-type=\"page\">\n\t\t\t\t\t\t<section class=\"elementor-section elementor-top-section elementor-element elementor-element-5c5f953 elementor-section-height-min-height elementor-section-items-stretch elementor-section-content-bottom elementor-section-boxed elementor-section-height-default\" data-id=\"5c5f953\" data-element_type=\"section\" data-settings=\"{&quot;background_background&quot;:&quot;classic&quot;}\">\n\t\t\t\t\t\t<div class=\"elementor-container elementor-column-gap-no\">\n\t\t\t\t\t<div class=\"elementor-column elementor-col-100 elementor-top-column elementor-element elementor-element-4cd507f\" data-id=\"4cd507f\" data-element_type=\"column\">\n\t\t\t<div class=\"elementor-widget-wrap elementor-element-populated\">\n\t\t\t\t\t\t<div class=\"elementor-element elementor-element-8bc93b3 elementor-widget elementor-widget-heading\" data-id=\"8bc93b3\" data-element_type=\"widget\" data-widget_type=\"heading.default\">\n\t\t\t\t<div class=\"elementor-widget-container\">\n\t\t\t\t\t<h1 class=\"elementor-heading-title elementor-size-default\">Luftstrahlsiebung<\/h1>\t\t\t\t<\/div>\n\t\t\t\t<\/div>\n\t\t\t\t\t<\/div>\n\t\t<\/div>\n\t\t\t\t\t<\/div>\n\t\t<\/section>\n\t\t\t\t<section class=\"elementor-section elementor-top-section elementor-element elementor-element-04e667b elementor-reverse-mobile elementor-section-boxed elementor-section-height-default elementor-section-height-default\" data-id=\"04e667b\" data-element_type=\"section\" data-settings=\"{&quot;background_background&quot;:&quot;classic&quot;}\">\n\t\t\t\t\t\t<div class=\"elementor-container elementor-column-gap-default\">\n\t\t\t\t\t<div class=\"elementor-column elementor-col-50 elementor-top-column elementor-element elementor-element-dc5df9f\" data-id=\"dc5df9f\" data-element_type=\"column\">\n\t\t\t<div class=\"elementor-widget-wrap elementor-element-populated\">\n\t\t\t\t\t\t<div class=\"elementor-element elementor-element-a018505 elementor-widget elementor-widget-text-editor\" data-id=\"a018505\" data-element_type=\"widget\" data-widget_type=\"text-editor.default\">\n\t\t\t\t<div class=\"elementor-widget-container\">\n\t\t\t\t\t\t\t\t\t<p class=\"FirstParagraph\">Im Prozessschritt <strong>Luftstrahlsiebung<\/strong> trennt No\u00a0Canary die feinen, wertvollen Pulver (die sogenannte Black Mass) von den restlichen Partikeln. Stellen Sie sich einen riesigen &#8222;Teesieb&#8220; vor, durch das ein Luftstrom geblasen wird: Das feine Pulver der zerkleinerten Lithium-Ionen-Batterie wird vom Luftstrom <strong>durch das Sieb hindurchgezogen<\/strong>, w\u00e4hrend gr\u00f6\u00dfere Teilchen wie Folienfitzel oder Restst\u00fccke auf dem Sieb zur\u00fcckbleiben. Wir gewinnen ein <strong>hochreines Rohstoffpulver<\/strong> (Black Mass), indem wir es mittels Lufttechnik von Verunreinigungen trennen.<\/p>\t\t\t\t\t\t\t\t<\/div>\n\t\t\t\t<\/div>\n\t\t\t\t\t<\/div>\n\t\t<\/div>\n\t\t\t\t<div class=\"elementor-column elementor-col-50 elementor-top-column elementor-element elementor-element-b66fe59\" data-id=\"b66fe59\" data-element_type=\"column\">\n\t\t\t<div class=\"elementor-widget-wrap elementor-element-populated\">\n\t\t\t\t\t\t<div class=\"elementor-element elementor-element-c2d71ba elementor-widget elementor-widget-text-editor\" data-id=\"c2d71ba\" data-element_type=\"widget\" data-widget_type=\"text-editor.default\">\n\t\t\t\t<div class=\"elementor-widget-container\">\n\t\t\t\t\t\t\t\t\t<p class=\"FirstParagraph\"><span lang=\"de\">Dieser Schritt sorgt daf\u00fcr, dass die wertvollen Inhaltsstoffe \u2013 Lithium, Nickel, Kobalt, Graphit etc. \u2013 am Ende als <b>konzentriertes Produkt<\/b> vorliegen, frei von st\u00f6renden Folien oder Kunststoffteilen. Unsere Air-Jet-Sieving-Technologie erh\u00f6ht somit die Qualit\u00e4t und den Marktwert der recycelten Rohstoffe erheblich und zeigt, wie effektiv und modern unsere <b>Recycling-Anlagen<\/b> arbeiten.<\/span><\/p>\t\t\t\t\t\t\t\t<\/div>\n\t\t\t\t<\/div>\n\t\t\t\t\t<\/div>\n\t\t<\/div>\n\t\t\t\t\t<\/div>\n\t\t<\/section>\n\t\t\t\t<section class=\"elementor-section elementor-top-section elementor-element elementor-element-fee89fc elementor-reverse-mobile elementor-section-boxed elementor-section-height-default elementor-section-height-default\" data-id=\"fee89fc\" data-element_type=\"section\" data-settings=\"{&quot;background_background&quot;:&quot;classic&quot;}\">\n\t\t\t\t\t\t<div class=\"elementor-container elementor-column-gap-default\">\n\t\t\t\t\t<div class=\"elementor-column elementor-col-100 elementor-top-column elementor-element elementor-element-a6fe859\" data-id=\"a6fe859\" data-element_type=\"column\">\n\t\t\t<div class=\"elementor-widget-wrap elementor-element-populated\">\n\t\t\t\t\t\t<div class=\"elementor-element elementor-element-795a935 elementor-widget elementor-widget-image\" data-id=\"795a935\" data-element_type=\"widget\" data-widget_type=\"image.default\">\n\t\t\t\t<div class=\"elementor-widget-container\">\n\t\t\t\t\t\t\t\t\t\t\t\t\t\t\t<img fetchpriority=\"high\" decoding=\"async\" width=\"800\" height=\"534\" src=\"https:\/\/nocanary.com\/wp-content\/uploads\/2025\/10\/NoCanary_nov23_41Lres-1024x683.webp\" class=\"attachment-large size-large wp-image-1424\" alt=\"\" srcset=\"https:\/\/nocanary.com\/wp-content\/uploads\/2025\/10\/NoCanary_nov23_41Lres-1024x683.webp 1024w, https:\/\/nocanary.com\/wp-content\/uploads\/2025\/10\/NoCanary_nov23_41Lres-300x200.webp 300w, https:\/\/nocanary.com\/wp-content\/uploads\/2025\/10\/NoCanary_nov23_41Lres-768x512.webp 768w, https:\/\/nocanary.com\/wp-content\/uploads\/2025\/10\/NoCanary_nov23_41Lres-1536x1025.webp 1536w, https:\/\/nocanary.com\/wp-content\/uploads\/2025\/10\/NoCanary_nov23_41Lres.webp 2000w\" sizes=\"(max-width: 800px) 100vw, 800px\" \/>\t\t\t\t\t\t\t\t\t\t\t\t\t\t\t<\/div>\n\t\t\t\t<\/div>\n\t\t\t\t\t<\/div>\n\t\t<\/div>\n\t\t\t\t\t<\/div>\n\t\t<\/section>\n\t\t\t\t<section class=\"elementor-section elementor-top-section elementor-element elementor-element-639381f elementor-reverse-mobile elementor-section-boxed elementor-section-height-default elementor-section-height-default\" data-id=\"639381f\" data-element_type=\"section\" data-settings=\"{&quot;background_background&quot;:&quot;classic&quot;}\">\n\t\t\t\t\t\t<div class=\"elementor-container elementor-column-gap-default\">\n\t\t\t\t\t<div class=\"elementor-column elementor-col-50 elementor-top-column elementor-element elementor-element-ec5f000\" data-id=\"ec5f000\" data-element_type=\"column\">\n\t\t\t<div class=\"elementor-widget-wrap elementor-element-populated\">\n\t\t\t\t\t\t<div class=\"elementor-element elementor-element-508045b elementor-widget elementor-widget-text-editor\" data-id=\"508045b\" data-element_type=\"widget\" data-widget_type=\"text-editor.default\">\n\t\t\t\t<div class=\"elementor-widget-container\">\n\t\t\t\t\t\t\t\t\t<p class=\"FirstParagraph\">Wir liefern eine komplette <strong>Luftsieb-Einheit<\/strong>, die im Produktmodul unserer Anlage integriert ist. Das Herzst\u00fcck ist ein <strong>Luftstrahlsieb<\/strong> \u2013 ein spezielles Siebgeh\u00e4use, in dem ein definiertes Feinsieb (z.B. 500 \u00b5m Maschenweite) horizontal eingebaut ist. Von unten wird mit einem Hochdruckgebl\u00e4se ein kontrollierter Luftstrom erzeugt, der die feinen Partikel durch das Sieb saugt oder bl\u00e4st. Die gr\u00f6beren Partikel (z.B. Folienschnipsel ~1\u20135\u00a0mm) k\u00f6nnen wegen ihrer Gr\u00f6\u00dfe nicht durch die Sieb\u00f6ffnungen, sie bleiben oben liegen und werden am Rand abgef\u00fchrt. Der feine Staub \u2013 die Black Mass, meist &lt;100\u00a0\u00b5m Partikelgr\u00f6\u00dfe \u2013 gelangt mit dem Luftstrom in die <strong>nachgeschalteten Zyklone und Filter<\/strong>, wo er abgeschieden und gesammelt wird. Wir bieten Recycler\/OEMs also ein geschlossenes System an: Ein <em>Feinsieb<\/em> mit definierter Trennsch\u00e4rfe (oft um ~500\u00a0\u00b5m) plus ein <em>Luftf\u00f6rdersystem<\/em> und Staubabscheidung.<\/p>\t\t\t\t\t\t\t\t<\/div>\n\t\t\t\t<\/div>\n\t\t\t\t\t<\/div>\n\t\t<\/div>\n\t\t\t\t<div class=\"elementor-column elementor-col-50 elementor-top-column elementor-element elementor-element-5b4719c\" data-id=\"5b4719c\" data-element_type=\"column\">\n\t\t\t<div class=\"elementor-widget-wrap elementor-element-populated\">\n\t\t\t\t\t\t<div class=\"elementor-element elementor-element-041a1a1 elementor-widget elementor-widget-text-editor\" data-id=\"041a1a1\" data-element_type=\"widget\" data-widget_type=\"text-editor.default\">\n\t\t\t\t<div class=\"elementor-widget-container\">\n\t\t\t\t\t\t\t\t\t<p>Dieses System l\u00e4uft kontinuierlich: Das Material wird pneumatisch auf das Sieb aufgegeben, und der Luftstrom zirkuliert in einem Kreislauf (die Luft wird nach Filterung zur\u00fcckgef\u00fchrt, um keine Emissionen zu haben). Unser Angebot umfasst die gesamte Hardware \u2013 Siebmaschine, Gebl\u00e4se, Zyklon, Filter, Rohrleitungen, Ventile \u2013 fertig montiert. F\u00fcr den Betreiber hei\u00dft das: Er erh\u00e4lt hochreine <strong>Black Mass<\/strong> im Auffangbeh\u00e4lter und getrennt davon einen R\u00fcckstand aus <strong>Folienflitter<\/strong>, der weiterbehandelt wird (in unserem Fall geht dieser R\u00fcckstand zu einer weiteren Zig-Zag-Sichtung, um Kunststoff- vs. Metallfolien zu trennen). Die Luftstrahlsiebung ist ein zentraler Bestandteil, um die feinen Wertstoffe vom restlichen Materialstrom abzuscheiden \u2013 wir bieten ihn als robustes, wartungsarmes Modul in unserer Recyclinglinie an.<\/p>\t\t\t\t\t\t\t\t<\/div>\n\t\t\t\t<\/div>\n\t\t\t\t\t<\/div>\n\t\t<\/div>\n\t\t\t\t\t<\/div>\n\t\t<\/section>\n\t\t\t\t<section class=\"elementor-section elementor-top-section elementor-element elementor-element-f4d7801 elementor-reverse-mobile elementor-section-boxed elementor-section-height-default elementor-section-height-default\" data-id=\"f4d7801\" data-element_type=\"section\" data-settings=\"{&quot;background_background&quot;:&quot;gradient&quot;}\">\n\t\t\t\t\t\t<div class=\"elementor-container elementor-column-gap-wide\">\n\t\t\t\t\t<div class=\"elementor-column elementor-col-33 elementor-top-column elementor-element elementor-element-31f929e\" data-id=\"31f929e\" data-element_type=\"column\">\n\t\t\t<div class=\"elementor-widget-wrap elementor-element-populated\">\n\t\t\t\t\t\t<div class=\"elementor-element elementor-element-89e5de9 elementor-widget elementor-widget-text-editor\" data-id=\"89e5de9\" data-element_type=\"widget\" data-widget_type=\"text-editor.default\">\n\t\t\t\t<div class=\"elementor-widget-container\">\n\t\t\t\t\t\t\t\t\t<p>Einige wichtige Kenndaten sind:<\/p>\t\t\t\t\t\t\t\t<\/div>\n\t\t\t\t<\/div>\n\t\t\t\t\t<\/div>\n\t\t<\/div>\n\t\t\t\t<div class=\"elementor-column elementor-col-33 elementor-top-column elementor-element elementor-element-6f1bd7a\" data-id=\"6f1bd7a\" data-element_type=\"column\">\n\t\t\t<div class=\"elementor-widget-wrap elementor-element-populated\">\n\t\t\t\t\t\t<div class=\"elementor-element elementor-element-59ac3d7 elementor-widget elementor-widget-heading\" data-id=\"59ac3d7\" data-element_type=\"widget\" data-widget_type=\"heading.default\">\n\t\t\t\t<div class=\"elementor-widget-container\">\n\t\t\t\t\t<h6 class=\"elementor-heading-title elementor-size-default\">100-1000 \u00b5m <\/h6>\t\t\t\t<\/div>\n\t\t\t\t<\/div>\n\t\t\t\t<div class=\"elementor-element elementor-element-62816aa elementor-widget elementor-widget-text-editor\" data-id=\"62816aa\" data-element_type=\"widget\" data-widget_type=\"text-editor.default\">\n\t\t\t\t<div class=\"elementor-widget-container\">\n\t\t\t\t\t\t\t\t\t<p>Siebfeinheit (Maschenweite)<\/p>\t\t\t\t\t\t\t\t<\/div>\n\t\t\t\t<\/div>\n\t\t\t\t<div class=\"elementor-element elementor-element-a81dad2 elementor-widget-divider--view-line elementor-widget elementor-widget-divider\" data-id=\"a81dad2\" data-element_type=\"widget\" data-widget_type=\"divider.default\">\n\t\t\t\t<div class=\"elementor-widget-container\">\n\t\t\t\t\t\t\t<div class=\"elementor-divider\">\n\t\t\t<span class=\"elementor-divider-separator\">\n\t\t\t\t\t\t<\/span>\n\t\t<\/div>\n\t\t\t\t\t\t<\/div>\n\t\t\t\t<\/div>\n\t\t\t\t<div class=\"elementor-element elementor-element-bb4d677 elementor-widget elementor-widget-heading\" data-id=\"bb4d677\" data-element_type=\"widget\" data-widget_type=\"heading.default\">\n\t\t\t\t<div class=\"elementor-widget-container\">\n\t\t\t\t\t<h6 class=\"elementor-heading-title elementor-size-default\">&gt;\u202f99\u202f% <\/h6>\t\t\t\t<\/div>\n\t\t\t\t<\/div>\n\t\t\t\t<div class=\"elementor-element elementor-element-3e33472 elementor-widget elementor-widget-text-editor\" data-id=\"3e33472\" data-element_type=\"widget\" data-widget_type=\"text-editor.default\">\n\t\t\t\t<div class=\"elementor-widget-container\">\n\t\t\t\t\t\t\t\t\t<p>der aktiven Masse geht durch das Sieb (Feinanteil) \u2013 Black Mass Recovery<\/p>\t\t\t\t\t\t\t\t<\/div>\n\t\t\t\t<\/div>\n\t\t\t\t<div class=\"elementor-element elementor-element-7985b88 elementor-widget-divider--view-line elementor-widget elementor-widget-divider\" data-id=\"7985b88\" data-element_type=\"widget\" data-widget_type=\"divider.default\">\n\t\t\t\t<div class=\"elementor-widget-container\">\n\t\t\t\t\t\t\t<div class=\"elementor-divider\">\n\t\t\t<span class=\"elementor-divider-separator\">\n\t\t\t\t\t\t<\/span>\n\t\t<\/div>\n\t\t\t\t\t\t<\/div>\n\t\t\t\t<\/div>\n\t\t\t\t<div class=\"elementor-element elementor-element-603c2c4 elementor-widget elementor-widget-heading\" data-id=\"603c2c4\" data-element_type=\"widget\" data-widget_type=\"heading.default\">\n\t\t\t\t<div class=\"elementor-widget-container\">\n\t\t\t\t\t<h6 class=\"elementor-heading-title elementor-size-default\">&lt;\u202f1,5 % <\/h6>\t\t\t\t<\/div>\n\t\t\t\t<\/div>\n\t\t\t\t<div class=\"elementor-element elementor-element-ccf19da elementor-widget elementor-widget-text-editor\" data-id=\"ccf19da\" data-element_type=\"widget\" data-widget_type=\"text-editor.default\">\n\t\t\t\t<div class=\"elementor-widget-container\">\n\t\t\t\t\t\t\t\t\t<p>(Gewichts-%) Metall-\/Plastik-Restfolie in Black Mass<\/p>\t\t\t\t\t\t\t\t<\/div>\n\t\t\t\t<\/div>\n\t\t\t\t<div class=\"elementor-element elementor-element-1dccde6 elementor-widget-divider--view-line elementor-widget elementor-widget-divider\" data-id=\"1dccde6\" data-element_type=\"widget\" data-widget_type=\"divider.default\">\n\t\t\t\t<div class=\"elementor-widget-container\">\n\t\t\t\t\t\t\t<div class=\"elementor-divider\">\n\t\t\t<span class=\"elementor-divider-separator\">\n\t\t\t\t\t\t<\/span>\n\t\t<\/div>\n\t\t\t\t\t\t<\/div>\n\t\t\t\t<\/div>\n\t\t\t\t<div class=\"elementor-element elementor-element-0377d19 elementor-widget elementor-widget-heading\" data-id=\"0377d19\" data-element_type=\"widget\" data-widget_type=\"heading.default\">\n\t\t\t\t<div class=\"elementor-widget-container\">\n\t\t\t\t\t<h6 class=\"elementor-heading-title elementor-size-default\">50 \u2013 2.000 kg\/h<\/h6>\t\t\t\t<\/div>\n\t\t\t\t<\/div>\n\t\t\t\t<div class=\"elementor-element elementor-element-6056ea4 elementor-widget elementor-widget-text-editor\" data-id=\"6056ea4\" data-element_type=\"widget\" data-widget_type=\"text-editor.default\">\n\t\t\t\t<div class=\"elementor-widget-container\">\n\t\t\t\t\t\t\t\t\t<p>Durchsatz<\/p>\t\t\t\t\t\t\t\t<\/div>\n\t\t\t\t<\/div>\n\t\t\t\t<div class=\"elementor-element elementor-element-25ede34 elementor-widget-divider--view-line elementor-widget elementor-widget-divider\" data-id=\"25ede34\" data-element_type=\"widget\" data-widget_type=\"divider.default\">\n\t\t\t\t<div class=\"elementor-widget-container\">\n\t\t\t\t\t\t\t<div class=\"elementor-divider\">\n\t\t\t<span class=\"elementor-divider-separator\">\n\t\t\t\t\t\t<\/span>\n\t\t<\/div>\n\t\t\t\t\t\t<\/div>\n\t\t\t\t<\/div>\n\t\t\t\t<div class=\"elementor-element elementor-element-962b3b3 elementor-widget elementor-widget-heading\" data-id=\"962b3b3\" data-element_type=\"widget\" data-widget_type=\"heading.default\">\n\t\t\t\t<div class=\"elementor-widget-container\">\n\t\t\t\t\t<h6 class=\"elementor-heading-title elementor-size-default\">frei einstellbar<\/h6>\t\t\t\t<\/div>\n\t\t\t\t<\/div>\n\t\t\t\t<div class=\"elementor-element elementor-element-ce79b2c elementor-widget elementor-widget-text-editor\" data-id=\"ce79b2c\" data-element_type=\"widget\" data-widget_type=\"text-editor.default\">\n\t\t\t\t<div class=\"elementor-widget-container\">\n\t\t\t\t\t\t\t\t\t<p>Luftvolumenstrom<\/p>\t\t\t\t\t\t\t\t<\/div>\n\t\t\t\t<\/div>\n\t\t\t\t<div class=\"elementor-element elementor-element-75c860f elementor-widget-divider--view-line elementor-widget elementor-widget-divider\" data-id=\"75c860f\" data-element_type=\"widget\" data-widget_type=\"divider.default\">\n\t\t\t\t<div class=\"elementor-widget-container\">\n\t\t\t\t\t\t\t<div class=\"elementor-divider\">\n\t\t\t<span class=\"elementor-divider-separator\">\n\t\t\t\t\t\t<\/span>\n\t\t<\/div>\n\t\t\t\t\t\t<\/div>\n\t\t\t\t<\/div>\n\t\t\t\t<div class=\"elementor-element elementor-element-89eeadf elementor-widget elementor-widget-heading\" data-id=\"89eeadf\" data-element_type=\"widget\" data-widget_type=\"heading.default\">\n\t\t\t\t<div class=\"elementor-widget-container\">\n\t\t\t\t\t<h6 class=\"elementor-heading-title elementor-size-default\">0,5 \u2013 5 mm<\/h6>\t\t\t\t<\/div>\n\t\t\t\t<\/div>\n\t\t\t\t<div class=\"elementor-element elementor-element-a77d42f elementor-widget elementor-widget-text-editor\" data-id=\"a77d42f\" data-element_type=\"widget\" data-widget_type=\"text-editor.default\">\n\t\t\t\t<div class=\"elementor-widget-container\">\n\t\t\t\t\t\t\t\t\t<p>Material Grobgut (Folien etc.), wird zur\u00fcckgehalten<\/p>\t\t\t\t\t\t\t\t<\/div>\n\t\t\t\t<\/div>\n\t\t\t\t\t<\/div>\n\t\t<\/div>\n\t\t\t\t<div class=\"elementor-column elementor-col-33 elementor-top-column elementor-element elementor-element-67fc0d9\" data-id=\"67fc0d9\" data-element_type=\"column\">\n\t\t\t<div class=\"elementor-widget-wrap elementor-element-populated\">\n\t\t\t\t\t\t<div class=\"elementor-element elementor-element-192bc36 elementor-hidden-desktop elementor-hidden-tablet elementor-widget-divider--view-line elementor-widget elementor-widget-divider\" data-id=\"192bc36\" data-element_type=\"widget\" data-widget_type=\"divider.default\">\n\t\t\t\t<div class=\"elementor-widget-container\">\n\t\t\t\t\t\t\t<div class=\"elementor-divider\">\n\t\t\t<span class=\"elementor-divider-separator\">\n\t\t\t\t\t\t<\/span>\n\t\t<\/div>\n\t\t\t\t\t\t<\/div>\n\t\t\t\t<\/div>\n\t\t\t\t<div class=\"elementor-element elementor-element-0424c2f elementor-widget elementor-widget-heading\" data-id=\"0424c2f\" data-element_type=\"widget\" data-widget_type=\"heading.default\">\n\t\t\t\t<div class=\"elementor-widget-container\">\n\t\t\t\t\t<h6 class=\"elementor-heading-title elementor-size-default\">geschlossener Luftkreislauf, Unterdruckbetrieb<\/h6>\t\t\t\t<\/div>\n\t\t\t\t<\/div>\n\t\t\t\t<div class=\"elementor-element elementor-element-8bb5e72 elementor-widget elementor-widget-text-editor\" data-id=\"8bb5e72\" data-element_type=\"widget\" data-widget_type=\"text-editor.default\">\n\t\t\t\t<div class=\"elementor-widget-container\">\n\t\t\t\t\t\t\t\t\t<p>Betriebsmodus<\/p>\t\t\t\t\t\t\t\t<\/div>\n\t\t\t\t<\/div>\n\t\t\t\t<div class=\"elementor-element elementor-element-bcb7e12 elementor-widget-divider--view-line elementor-widget elementor-widget-divider\" data-id=\"bcb7e12\" data-element_type=\"widget\" data-widget_type=\"divider.default\">\n\t\t\t\t<div class=\"elementor-widget-container\">\n\t\t\t\t\t\t\t<div class=\"elementor-divider\">\n\t\t\t<span class=\"elementor-divider-separator\">\n\t\t\t\t\t\t<\/span>\n\t\t<\/div>\n\t\t\t\t\t\t<\/div>\n\t\t\t\t<\/div>\n\t\t\t\t<div class=\"elementor-element elementor-element-3ca85f0 elementor-widget elementor-widget-heading\" data-id=\"3ca85f0\" data-element_type=\"widget\" data-widget_type=\"heading.default\">\n\t\t\t\t<div class=\"elementor-widget-container\">\n\t\t\t\t\t<h6 class=\"elementor-heading-title elementor-size-default\">~ 100\u202f% <\/h6>\t\t\t\t<\/div>\n\t\t\t\t<\/div>\n\t\t\t\t<div class=\"elementor-element elementor-element-5c6849b elementor-widget elementor-widget-text-editor\" data-id=\"5c6849b\" data-element_type=\"widget\" data-widget_type=\"text-editor.default\">\n\t\t\t\t<div class=\"elementor-widget-container\">\n\t\t\t\t\t\t\t\t\t<p>Abscheidegrad Zyklon+Filter (kein Staub entweicht; Staubabscheidung Gesamt &gt;\u202f99,9\u202f%)<\/p>\t\t\t\t\t\t\t\t<\/div>\n\t\t\t\t<\/div>\n\t\t\t\t<div class=\"elementor-element elementor-element-bea73db elementor-hidden-desktop elementor-hidden-tablet elementor-hidden-mobile elementor-widget elementor-widget-text-editor\" data-id=\"bea73db\" data-element_type=\"widget\" data-widget_type=\"text-editor.default\">\n\t\t\t\t<div class=\"elementor-widget-container\">\n\t\t\t\t\t\t\t\t\t<p>* Referenzmessung mit Panasonic NCA 21700 (TESLA Model 3) nach Trocknung bei 40\u00b0C f\u00fcr 30 Minuten mit der No Canary-Technologie. Gerne k\u00f6nnen Sie Ihre eigenen Batterien an unserem Standort testen!<\/p>\t\t\t\t\t\t\t\t<\/div>\n\t\t\t\t<\/div>\n\t\t\t\t<div class=\"elementor-element elementor-element-69e11d1 elementor-widget-divider--view-line elementor-widget elementor-widget-divider\" data-id=\"69e11d1\" data-element_type=\"widget\" data-widget_type=\"divider.default\">\n\t\t\t\t<div class=\"elementor-widget-container\">\n\t\t\t\t\t\t\t<div class=\"elementor-divider\">\n\t\t\t<span class=\"elementor-divider-separator\">\n\t\t\t\t\t\t<\/span>\n\t\t<\/div>\n\t\t\t\t\t\t<\/div>\n\t\t\t\t<\/div>\n\t\t\t\t<div class=\"elementor-element elementor-element-66962f6 elementor-widget elementor-widget-heading\" data-id=\"66962f6\" data-element_type=\"widget\" data-widget_type=\"heading.default\">\n\t\t\t\t<div class=\"elementor-widget-container\">\n\t\t\t\t\t<h6 class=\"elementor-heading-title elementor-size-default\">automatisch intervallgesteuert<\/h6>\t\t\t\t<\/div>\n\t\t\t\t<\/div>\n\t\t\t\t<div class=\"elementor-element elementor-element-ffc379e elementor-widget elementor-widget-text-editor\" data-id=\"ffc379e\" data-element_type=\"widget\" data-widget_type=\"text-editor.default\">\n\t\t\t\t<div class=\"elementor-widget-container\">\n\t\t\t\t\t\t\t\t\t<p>Filterabreinigung (Druckluft-Pulse)<\/p>\t\t\t\t\t\t\t\t<\/div>\n\t\t\t\t<\/div>\n\t\t\t\t<div class=\"elementor-element elementor-element-b67bd86 elementor-widget-divider--view-line elementor-widget elementor-widget-divider\" data-id=\"b67bd86\" data-element_type=\"widget\" data-widget_type=\"divider.default\">\n\t\t\t\t<div class=\"elementor-widget-container\">\n\t\t\t\t\t\t\t<div class=\"elementor-divider\">\n\t\t\t<span class=\"elementor-divider-separator\">\n\t\t\t\t\t\t<\/span>\n\t\t<\/div>\n\t\t\t\t\t\t<\/div>\n\t\t\t\t<\/div>\n\t\t\t\t<div class=\"elementor-element elementor-element-3c440a5 elementor-widget elementor-widget-heading\" data-id=\"3c440a5\" data-element_type=\"widget\" data-widget_type=\"heading.default\">\n\t\t\t\t<div class=\"elementor-widget-container\">\n\t\t\t\t\t<h6 class=\"elementor-heading-title elementor-size-default\">ca. 20 \u2013 40 \u00b5m <\/h6>\t\t\t\t<\/div>\n\t\t\t\t<\/div>\n\t\t\t\t<div class=\"elementor-element elementor-element-2fda3b2 elementor-widget elementor-widget-text-editor\" data-id=\"2fda3b2\" data-element_type=\"widget\" data-widget_type=\"text-editor.default\">\n\t\t\t\t<div class=\"elementor-widget-container\">\n\t\t\t\t\t\t\t\t\t<p>Material Feinpulver \u2013 D50 (Graphit, Metalloxide) \u2013 gut abscheidbar im Zyklon\/Filter<\/p>\t\t\t\t\t\t\t\t<\/div>\n\t\t\t\t<\/div>\n\t\t\t\t<div class=\"elementor-element elementor-element-b59fcb9 elementor-widget-divider--view-line elementor-widget elementor-widget-divider\" data-id=\"b59fcb9\" data-element_type=\"widget\" data-widget_type=\"divider.default\">\n\t\t\t\t<div class=\"elementor-widget-container\">\n\t\t\t\t\t\t\t<div class=\"elementor-divider\">\n\t\t\t<span class=\"elementor-divider-separator\">\n\t\t\t\t\t\t<\/span>\n\t\t<\/div>\n\t\t\t\t\t\t<\/div>\n\t\t\t\t<\/div>\n\t\t\t\t<div class=\"elementor-element elementor-element-9aa5aab elementor-widget elementor-widget-text-editor\" data-id=\"9aa5aab\" data-element_type=\"widget\" data-widget_type=\"text-editor.default\">\n\t\t\t\t<div class=\"elementor-widget-container\">\n\t\t\t\t\t\t\t\t\t<p>Druck\u00fcberwachung, Explosionsdruckfeste Ausf\u00fchrung optional, O\u2082-Sensor falls inertisiert<\/p>\t\t\t\t\t\t\t\t<\/div>\n\t\t\t\t<\/div>\n\t\t\t\t<div class=\"elementor-element elementor-element-ae37e92 elementor-widget elementor-widget-heading\" data-id=\"ae37e92\" data-element_type=\"widget\" data-widget_type=\"heading.default\">\n\t\t\t\t<div class=\"elementor-widget-container\">\n\t\t\t\t\t<h6 class=\"elementor-heading-title elementor-size-default\">Sicherheitsfeatures<\/h6>\t\t\t\t<\/div>\n\t\t\t\t<\/div>\n\t\t\t\t\t<\/div>\n\t\t<\/div>\n\t\t\t\t\t<\/div>\n\t\t<\/section>\n\t\t\t\t<\/div>\n\t\t","protected":false},"excerpt":{"rendered":"<p>Luftstrahlsiebung Im Prozessschritt Luftstrahlsiebung trennt No\u00a0Canary die feinen, wertvollen Pulver (die sogenannte Black Mass) von den restlichen Partikeln. Stellen Sie sich einen riesigen &#8222;Teesieb&#8220; vor, durch das ein Luftstrom geblasen wird: Das feine Pulver der zerkleinerten Lithium-Ionen-Batterie wird vom Luftstrom durch das Sieb hindurchgezogen, w\u00e4hrend gr\u00f6\u00dfere Teilchen wie Folienfitzel oder Restst\u00fccke auf dem Sieb zur\u00fcckbleiben. [&hellip;]<\/p>\n","protected":false},"author":6,"featured_media":0,"parent":354,"menu_order":0,"comment_status":"closed","ping_status":"closed","template":"","meta":{"footnotes":""},"class_list":["post-1390","page","type-page","status-publish","hentry"],"_links":{"self":[{"href":"https:\/\/nocanary.com\/de\/wp-json\/wp\/v2\/pages\/1390","targetHints":{"allow":["GET"]}}],"collection":[{"href":"https:\/\/nocanary.com\/de\/wp-json\/wp\/v2\/pages"}],"about":[{"href":"https:\/\/nocanary.com\/de\/wp-json\/wp\/v2\/types\/page"}],"author":[{"embeddable":true,"href":"https:\/\/nocanary.com\/de\/wp-json\/wp\/v2\/users\/6"}],"replies":[{"embeddable":true,"href":"https:\/\/nocanary.com\/de\/wp-json\/wp\/v2\/comments?post=1390"}],"version-history":[{"count":11,"href":"https:\/\/nocanary.com\/de\/wp-json\/wp\/v2\/pages\/1390\/revisions"}],"predecessor-version":[{"id":1495,"href":"https:\/\/nocanary.com\/de\/wp-json\/wp\/v2\/pages\/1390\/revisions\/1495"}],"up":[{"embeddable":true,"href":"https:\/\/nocanary.com\/de\/wp-json\/wp\/v2\/pages\/354"}],"wp:attachment":[{"href":"https:\/\/nocanary.com\/de\/wp-json\/wp\/v2\/media?parent=1390"}],"curies":[{"name":"wp","href":"https:\/\/api.w.org\/{rel}","templated":true}]}}