{"id":1398,"date":"2025-09-30T13:01:00","date_gmt":"2025-09-30T11:01:00","guid":{"rendered":"https:\/\/nocanary.com\/?page_id=1398"},"modified":"2025-10-13T13:01:04","modified_gmt":"2025-10-13T11:01:04","slug":"zick-zack-sichtung","status":"publish","type":"page","link":"https:\/\/nocanary.com\/de\/recycling-anlagen\/zick-zack-sichtung\/","title":{"rendered":"Zick-Zack-Sichtung"},"content":{"rendered":"\t\t<div data-elementor-type=\"wp-page\" data-elementor-id=\"1398\" class=\"elementor elementor-1398\" data-elementor-post-type=\"page\">\n\t\t\t\t\t\t<section class=\"elementor-section elementor-top-section elementor-element elementor-element-5c5f953 elementor-section-height-min-height elementor-section-items-stretch elementor-section-content-bottom elementor-section-boxed elementor-section-height-default\" data-id=\"5c5f953\" data-element_type=\"section\" data-settings=\"{&quot;background_background&quot;:&quot;classic&quot;}\">\n\t\t\t\t\t\t<div class=\"elementor-container elementor-column-gap-no\">\n\t\t\t\t\t<div class=\"elementor-column elementor-col-100 elementor-top-column elementor-element elementor-element-4cd507f\" data-id=\"4cd507f\" data-element_type=\"column\">\n\t\t\t<div class=\"elementor-widget-wrap elementor-element-populated\">\n\t\t\t\t\t\t<div class=\"elementor-element elementor-element-8bc93b3 elementor-widget elementor-widget-heading\" data-id=\"8bc93b3\" data-element_type=\"widget\" data-widget_type=\"heading.default\">\n\t\t\t\t<div class=\"elementor-widget-container\">\n\t\t\t\t\t<h1 class=\"elementor-heading-title elementor-size-default\">Zick-Zack-Sichtung<\/h1>\t\t\t\t<\/div>\n\t\t\t\t<\/div>\n\t\t\t\t\t<\/div>\n\t\t<\/div>\n\t\t\t\t\t<\/div>\n\t\t<\/section>\n\t\t\t\t<section class=\"elementor-section elementor-top-section elementor-element elementor-element-26a9140 elementor-reverse-mobile elementor-section-boxed elementor-section-height-default elementor-section-height-default\" data-id=\"26a9140\" data-element_type=\"section\" data-settings=\"{&quot;background_background&quot;:&quot;classic&quot;}\">\n\t\t\t\t\t\t<div class=\"elementor-container elementor-column-gap-default\">\n\t\t\t\t\t<div class=\"elementor-column elementor-col-50 elementor-top-column elementor-element elementor-element-73a3533\" data-id=\"73a3533\" data-element_type=\"column\">\n\t\t\t<div class=\"elementor-widget-wrap elementor-element-populated\">\n\t\t\t\t\t\t<div class=\"elementor-element elementor-element-cdab476 elementor-widget elementor-widget-text-editor\" data-id=\"cdab476\" data-element_type=\"widget\" data-widget_type=\"text-editor.default\">\n\t\t\t\t<div class=\"elementor-widget-container\">\n\t\t\t\t\t\t\t\t\t<p class=\"FirstParagraph\">Im Schritt der <strong>Zick-Zack-Sichtung<\/strong> trennt unsere Anlage Materialien anhand ihres <strong>Gewichts und ihrer Form<\/strong> in einem speziellen luftdurchstr\u00f6mten Kanal. Stellen Sie sich vor, gemischte Partikel fallen durch einen schr\u00e4g gestellten Schacht, w\u00e4hrend von unten ein Luftstrom entgegenbl\u00e4st \u2013 schwere Teile fallen gegen den Luftstrom nach unten, leichte Teile werden nach oben weggetragen. No Canary nutzt dieses physikalische Prinzip an zwei Stellen im Prozess: <span lang=\"de\">Erstens, um nach dem Schreddern die schweren Batteriebestandteile (Metallst\u00fccke etc.) von leichteren Komponenten zu trennen, und zweitens, um am Ende die <b>leichten Kunststoff-Folien<\/b> von den etwas schwereren Metallfolien zu trennen. <\/span><\/p>\t\t\t\t\t\t\t\t<\/div>\n\t\t\t\t<\/div>\n\t\t\t\t\t<\/div>\n\t\t<\/div>\n\t\t\t\t<div class=\"elementor-column elementor-col-50 elementor-top-column elementor-element elementor-element-2bb7fb2\" data-id=\"2bb7fb2\" data-element_type=\"column\">\n\t\t\t<div class=\"elementor-widget-wrap elementor-element-populated\">\n\t\t\t\t\t\t<div class=\"elementor-element elementor-element-174897e elementor-widget elementor-widget-text-editor\" data-id=\"174897e\" data-element_type=\"widget\" data-widget_type=\"text-editor.default\">\n\t\t\t\t<div class=\"elementor-widget-container\">\n\t\t\t\t\t\t\t\t\t<p class=\"FirstParagraph\"><span lang=\"de\">Wir setzen eine <b>einfache, aber effektive Technologie<\/b> ein, um verschiedene Materialfraktionen zu isolieren. Die Zick-Zack-Sichtung in unserer Anlage sorgt daf\u00fcr, dass <b>Wertstoffe sortenrein<\/b> ausgeschleust werden (etwa Metallfolien getrennt von Kunststoffen) und die Anlage effizient und sicher l\u00e4uft (schwere Teile fr\u00fch entfernt). <\/span><\/p>\t\t\t\t\t\t\t\t<\/div>\n\t\t\t\t<\/div>\n\t\t\t\t\t<\/div>\n\t\t<\/div>\n\t\t\t\t\t<\/div>\n\t\t<\/section>\n\t\t\t\t<section class=\"elementor-section elementor-top-section elementor-element elementor-element-7e601ee elementor-reverse-mobile elementor-section-boxed elementor-section-height-default elementor-section-height-default\" data-id=\"7e601ee\" data-element_type=\"section\" data-settings=\"{&quot;background_background&quot;:&quot;classic&quot;}\">\n\t\t\t\t\t\t<div class=\"elementor-container elementor-column-gap-wide\">\n\t\t\t\t\t<div class=\"elementor-column elementor-col-100 elementor-top-column elementor-element elementor-element-f8b20d3\" data-id=\"f8b20d3\" data-element_type=\"column\">\n\t\t\t<div class=\"elementor-widget-wrap elementor-element-populated\">\n\t\t\t\t\t\t<div class=\"elementor-element elementor-element-f53f6db elementor-widget elementor-widget-image\" data-id=\"f53f6db\" data-element_type=\"widget\" data-widget_type=\"image.default\">\n\t\t\t\t<div class=\"elementor-widget-container\">\n\t\t\t\t\t\t\t\t\t\t\t\t\t\t\t<img fetchpriority=\"high\" decoding=\"async\" width=\"800\" height=\"534\" src=\"https:\/\/nocanary.com\/wp-content\/uploads\/2025\/09\/NoCanary_nov23_26Lres-1024x683.webp\" class=\"attachment-large size-large wp-image-1345\" alt=\"\" srcset=\"https:\/\/nocanary.com\/wp-content\/uploads\/2025\/09\/NoCanary_nov23_26Lres-1024x683.webp 1024w, https:\/\/nocanary.com\/wp-content\/uploads\/2025\/09\/NoCanary_nov23_26Lres-300x200.webp 300w, https:\/\/nocanary.com\/wp-content\/uploads\/2025\/09\/NoCanary_nov23_26Lres-768x512.webp 768w, https:\/\/nocanary.com\/wp-content\/uploads\/2025\/09\/NoCanary_nov23_26Lres-1536x1025.webp 1536w, https:\/\/nocanary.com\/wp-content\/uploads\/2025\/09\/NoCanary_nov23_26Lres.webp 2000w\" sizes=\"(max-width: 800px) 100vw, 800px\" \/>\t\t\t\t\t\t\t\t\t\t\t\t\t\t\t<\/div>\n\t\t\t\t<\/div>\n\t\t\t\t\t<\/div>\n\t\t<\/div>\n\t\t\t\t\t<\/div>\n\t\t<\/section>\n\t\t\t\t<section class=\"elementor-section elementor-top-section elementor-element elementor-element-2c54870 elementor-reverse-mobile elementor-section-boxed elementor-section-height-default elementor-section-height-default\" data-id=\"2c54870\" data-element_type=\"section\" data-settings=\"{&quot;background_background&quot;:&quot;classic&quot;}\">\n\t\t\t\t\t\t<div class=\"elementor-container elementor-column-gap-default\">\n\t\t\t\t\t<div class=\"elementor-column elementor-col-50 elementor-top-column elementor-element elementor-element-e98a4f5\" data-id=\"e98a4f5\" data-element_type=\"column\">\n\t\t\t<div class=\"elementor-widget-wrap elementor-element-populated\">\n\t\t\t\t\t\t<div class=\"elementor-element elementor-element-b29b32e elementor-widget elementor-widget-text-editor\" data-id=\"b29b32e\" data-element_type=\"widget\" data-widget_type=\"text-editor.default\">\n\t\t\t\t<div class=\"elementor-widget-container\">\n\t\t\t\t\t\t\t\t\t<p class=\"FirstParagraph\">Wir liefern <strong>Zig-Zag-Sichter-Module<\/strong>, die in den Gesamtprozess integriert sind. Diese Module bestehen aus einem vertikalen oder schr\u00e4gen Trennkanal mit Zickzack-f\u00f6rmig angeordneten Prallplatten. Durch diesen Kanal wird das Material in einem Luftstrom gef\u00fchrt. Wir bieten diese Sichter in passender Gr\u00f6\u00dfe zum Durchsatz an, inklusive regelbarer Ventilatoren\/Gebl\u00e4se, Materialaufgabe-System und Austrag f\u00fcr die getrennten Fraktionen. Praktisch bietet unser erster Zick-Zack-Sichter folgendes: Das gemischte, getrocknete Zerkleinerungsgut gelangt oben in den Sichter; ein <strong>aufw\u00e4rtsgerichteter Luftstrom<\/strong> str\u00f6mt entgegen. Dadurch werden leichtere Partikel (Papier-Separatoren, Folienst\u00fcckchen, Black-Mass-Pulver \u2013 wobei Pulver ohnehin meist schon abgesaugt ist vorher) nach oben ausgetragen, w\u00e4hrend schwerere St\u00fccke (z.B. Partikel aus Metall, Graphitst\u00fcckchen, grobe Plastikteile) nach unten absinken.<\/p>\t\t\t\t\t\t\t\t<\/div>\n\t\t\t\t<\/div>\n\t\t\t\t\t<\/div>\n\t\t<\/div>\n\t\t\t\t<div class=\"elementor-column elementor-col-50 elementor-top-column elementor-element elementor-element-08107aa\" data-id=\"08107aa\" data-element_type=\"column\">\n\t\t\t<div class=\"elementor-widget-wrap elementor-element-populated\">\n\t\t\t\t\t\t<div class=\"elementor-element elementor-element-1f1beb4 elementor-widget elementor-widget-text-editor\" data-id=\"1f1beb4\" data-element_type=\"widget\" data-widget_type=\"text-editor.default\">\n\t\t\t\t<div class=\"elementor-widget-container\">\n\t\t\t\t\t\t\t\t\t<p>Die St\u00e4rke des Luftstroms kann frei gew\u00e4hlt werden, sodass ein definierter <strong>Trennschnitt<\/strong> erzielt wird. Die untere Fraktion nennen wir <strong>Heavy Parts<\/strong>. Sie per Magnet\/Wirbelstrom weiter sortiert werden. Die obere Fraktion \u2013 die <strong>Leichtfraktion<\/strong> \u2013 geht weiter in die Feinsiebung. Unser zweiter Zick-Zack-Sichter wird sp\u00e4ter eingesetzt, nachdem das Pulver abgetrennt ist: Hier kommt eine Mischung aus <strong>Folienflitter<\/strong> in den Sichter. Der Luftstrom ist so eingestellt, dass <strong>leichte Kunststofffolie<\/strong> (Separator-Fetzen, ggf. St\u00fccke von Foliens\u00e4cken) nach oben ausgeblasen wird, w\u00e4hrend die <strong>schwereren Metallfolien<\/strong> (Aluminium, Kupfer) nach unten sinken. Oben erhalten wir also eine Kunststofffraktion (Separatorfolien), unten eine Metallfolie-Fraktion (Alu- &amp; Kupferfolien). Beide k\u00f6nnen jeweils separat weiterverwertet werden.<\/p>\t\t\t\t\t\t\t\t<\/div>\n\t\t\t\t<\/div>\n\t\t\t\t\t<\/div>\n\t\t<\/div>\n\t\t\t\t\t<\/div>\n\t\t<\/section>\n\t\t\t\t<\/div>\n\t\t","protected":false},"excerpt":{"rendered":"<p>Zick-Zack-Sichtung Im Schritt der Zick-Zack-Sichtung trennt unsere Anlage Materialien anhand ihres Gewichts und ihrer Form in einem speziellen luftdurchstr\u00f6mten Kanal. Stellen Sie sich vor, gemischte Partikel fallen durch einen schr\u00e4g gestellten Schacht, w\u00e4hrend von unten ein Luftstrom entgegenbl\u00e4st \u2013 schwere Teile fallen gegen den Luftstrom nach unten, leichte Teile werden nach oben weggetragen. No Canary [&hellip;]<\/p>\n","protected":false},"author":6,"featured_media":0,"parent":354,"menu_order":0,"comment_status":"closed","ping_status":"closed","template":"","meta":{"footnotes":""},"class_list":["post-1398","page","type-page","status-publish","hentry"],"_links":{"self":[{"href":"https:\/\/nocanary.com\/de\/wp-json\/wp\/v2\/pages\/1398","targetHints":{"allow":["GET"]}}],"collection":[{"href":"https:\/\/nocanary.com\/de\/wp-json\/wp\/v2\/pages"}],"about":[{"href":"https:\/\/nocanary.com\/de\/wp-json\/wp\/v2\/types\/page"}],"author":[{"embeddable":true,"href":"https:\/\/nocanary.com\/de\/wp-json\/wp\/v2\/users\/6"}],"replies":[{"embeddable":true,"href":"https:\/\/nocanary.com\/de\/wp-json\/wp\/v2\/comments?post=1398"}],"version-history":[{"count":8,"href":"https:\/\/nocanary.com\/de\/wp-json\/wp\/v2\/pages\/1398\/revisions"}],"predecessor-version":[{"id":1481,"href":"https:\/\/nocanary.com\/de\/wp-json\/wp\/v2\/pages\/1398\/revisions\/1481"}],"up":[{"embeddable":true,"href":"https:\/\/nocanary.com\/de\/wp-json\/wp\/v2\/pages\/354"}],"wp:attachment":[{"href":"https:\/\/nocanary.com\/de\/wp-json\/wp\/v2\/media?parent=1398"}],"curies":[{"name":"wp","href":"https:\/\/api.w.org\/{rel}","templated":true}]}}