{"id":1405,"date":"2025-09-30T13:12:37","date_gmt":"2025-09-30T11:12:37","guid":{"rendered":"https:\/\/nocanary.com\/?page_id=1405"},"modified":"2025-10-07T11:42:58","modified_gmt":"2025-10-07T09:42:58","slug":"forschungs-und-entwicklungsanlagen-zum-batterierecycling","status":"publish","type":"page","link":"https:\/\/nocanary.com\/de\/forschungs-und-entwicklungsanlagen-zum-batterierecycling\/","title":{"rendered":"Forschungs- und Entwicklungsanlagen zum Batterierecycling"},"content":{"rendered":"\t\t<div data-elementor-type=\"wp-page\" data-elementor-id=\"1405\" class=\"elementor elementor-1405\" data-elementor-post-type=\"page\">\n\t\t\t\t\t\t<section class=\"elementor-section elementor-top-section elementor-element elementor-element-5c5f953 elementor-section-height-min-height elementor-section-items-stretch elementor-section-content-bottom elementor-section-boxed elementor-section-height-default\" data-id=\"5c5f953\" data-element_type=\"section\" data-settings=\"{&quot;background_background&quot;:&quot;classic&quot;}\">\n\t\t\t\t\t\t\t<div class=\"elementor-background-overlay\"><\/div>\n\t\t\t\t\t\t\t<div class=\"elementor-container elementor-column-gap-no\">\n\t\t\t\t\t<div class=\"elementor-column elementor-col-100 elementor-top-column elementor-element elementor-element-4cd507f\" data-id=\"4cd507f\" data-element_type=\"column\">\n\t\t\t<div class=\"elementor-widget-wrap elementor-element-populated\">\n\t\t\t\t\t\t<div class=\"elementor-element elementor-element-8bc93b3 elementor-widget elementor-widget-heading\" data-id=\"8bc93b3\" data-element_type=\"widget\" data-widget_type=\"heading.default\">\n\t\t\t\t<div class=\"elementor-widget-container\">\n\t\t\t\t\t<h1 class=\"elementor-heading-title elementor-size-default\">Forschungs- und Entwicklungsanlagen zum Batterierecycling<\/h1>\t\t\t\t<\/div>\n\t\t\t\t<\/div>\n\t\t\t\t\t<\/div>\n\t\t<\/div>\n\t\t\t\t\t<\/div>\n\t\t<\/section>\n\t\t\t\t<section class=\"elementor-section elementor-top-section elementor-element elementor-element-fee89fc elementor-reverse-mobile elementor-section-boxed elementor-section-height-default elementor-section-height-default\" data-id=\"fee89fc\" data-element_type=\"section\" data-settings=\"{&quot;background_background&quot;:&quot;classic&quot;}\">\n\t\t\t\t\t\t<div class=\"elementor-container elementor-column-gap-wide\">\n\t\t\t\t\t<div class=\"elementor-column elementor-col-50 elementor-top-column elementor-element elementor-element-a6fe859 elementor-invisible\" data-id=\"a6fe859\" data-element_type=\"column\" data-settings=\"{&quot;animation&quot;:&quot;fadeInLeft&quot;}\">\n\t\t\t<div class=\"elementor-widget-wrap elementor-element-populated\">\n\t\t\t\t\t\t<div class=\"elementor-element elementor-element-3abeb07 elementor-widget elementor-widget-image\" data-id=\"3abeb07\" data-element_type=\"widget\" data-widget_type=\"image.default\">\n\t\t\t\t<div class=\"elementor-widget-container\">\n\t\t\t\t\t\t\t\t\t\t\t\t\t\t\t<img fetchpriority=\"high\" decoding=\"async\" width=\"800\" height=\"534\" src=\"https:\/\/nocanary.com\/wp-content\/uploads\/2025\/09\/NoCanary_nov23_26Lres-1024x683.webp\" class=\"attachment-large size-large wp-image-1345\" alt=\"\" srcset=\"https:\/\/nocanary.com\/wp-content\/uploads\/2025\/09\/NoCanary_nov23_26Lres-1024x683.webp 1024w, https:\/\/nocanary.com\/wp-content\/uploads\/2025\/09\/NoCanary_nov23_26Lres-300x200.webp 300w, https:\/\/nocanary.com\/wp-content\/uploads\/2025\/09\/NoCanary_nov23_26Lres-768x512.webp 768w, https:\/\/nocanary.com\/wp-content\/uploads\/2025\/09\/NoCanary_nov23_26Lres-1536x1025.webp 1536w, https:\/\/nocanary.com\/wp-content\/uploads\/2025\/09\/NoCanary_nov23_26Lres.webp 2000w\" sizes=\"(max-width: 800px) 100vw, 800px\" \/>\t\t\t\t\t\t\t\t\t\t\t\t\t\t\t<\/div>\n\t\t\t\t<\/div>\n\t\t\t\t\t<\/div>\n\t\t<\/div>\n\t\t\t\t<div class=\"elementor-column elementor-col-50 elementor-top-column elementor-element elementor-element-3669b68\" data-id=\"3669b68\" data-element_type=\"column\">\n\t\t\t<div class=\"elementor-widget-wrap elementor-element-populated\">\n\t\t\t\t\t\t<div class=\"elementor-element elementor-element-5f6d6d2 elementor-widget elementor-widget-text-editor\" data-id=\"5f6d6d2\" data-element_type=\"widget\" data-widget_type=\"text-editor.default\">\n\t\t\t\t<div class=\"elementor-widget-container\">\n\t\t\t\t\t\t\t\t\t<p>Die <strong>R&amp;D Lines von No Canary<\/strong> sind als Pilotanlagen f\u00fcr Forschung und Entwicklung im Bereich des Lithium-Ionen-Batterie-Recyclings konzipiert. Diese kompakten Recyclinganlagen erm\u00f6glichen es Forschungsinstitutionen, Universit\u00e4ten und F&amp;E-Abteilungen von Unternehmen, nachhaltige Recyclingprozesse im kleinen Ma\u00dfstab zu erproben und anschlie\u00dfend erfolgreich auf industrielle Gr\u00f6\u00dfenordnungen zu \u00fcbertragen. Durch ihren modularen Aufbau und die realit\u00e4tsnahe Abbildung aller wichtigen Prozessschritte bilden die R&amp;D Lines eine wichtige Br\u00fccke zwischen Labor und industrieller Anwendung \u2013 sie schaffen einen gesch\u00fctzten Raum, in dem neue Verfahren unter praxisnahen Bedingungen entwickelt und optimiert werden k\u00f6nnen, bevor sie in gro\u00dftechnischen Anlagen zum Einsatz kommen.<\/p>\t\t\t\t\t\t\t\t<\/div>\n\t\t\t\t<\/div>\n\t\t\t\t\t<\/div>\n\t\t<\/div>\n\t\t\t\t\t<\/div>\n\t\t<\/section>\n\t\t\t\t<section class=\"elementor-section elementor-top-section elementor-element elementor-element-18176ab elementor-section-content-bottom elementor-section-height-min-height elementor-section-items-stretch elementor-section-boxed elementor-section-height-default\" data-id=\"18176ab\" data-element_type=\"section\" data-settings=\"{&quot;background_background&quot;:&quot;classic&quot;,&quot;background_motion_fx_motion_fx_scrolling&quot;:&quot;yes&quot;,&quot;background_motion_fx_scale_effect&quot;:&quot;yes&quot;,&quot;background_motion_fx_scale_direction&quot;:&quot;in-out&quot;,&quot;background_motion_fx_scale_range&quot;:{&quot;unit&quot;:&quot;%&quot;,&quot;size&quot;:&quot;&quot;,&quot;sizes&quot;:{&quot;start&quot;:20,&quot;end&quot;:57}},&quot;background_motion_fx_scale_speed&quot;:{&quot;unit&quot;:&quot;px&quot;,&quot;size&quot;:4,&quot;sizes&quot;:[]},&quot;background_motion_fx_devices&quot;:[&quot;desktop&quot;,&quot;tablet&quot;,&quot;mobile&quot;]}\">\n\t\t\t\t\t\t\t<div class=\"elementor-background-overlay\"><\/div>\n\t\t\t\t\t\t\t<div class=\"elementor-container elementor-column-gap-default\">\n\t\t\t\t\t<div class=\"elementor-column elementor-col-50 elementor-top-column elementor-element elementor-element-690a441\" data-id=\"690a441\" data-element_type=\"column\">\n\t\t\t<div class=\"elementor-widget-wrap elementor-element-populated\">\n\t\t\t\t\t\t<div class=\"elementor-element elementor-element-f8487e6 elementor-widget elementor-widget-text-editor\" data-id=\"f8487e6\" data-element_type=\"widget\" data-widget_type=\"text-editor.default\">\n\t\t\t\t<div class=\"elementor-widget-container\">\n\t\t\t\t\t\t\t\t\t<p>Im <strong>technischen Kern<\/strong> der R&amp;D-Pilotanlage werden s\u00e4mtliche zentralen Prozessschritte des Batterie-Recyclings abgebildet. Die deaktivierten Lithium-Ionen-Batterien werden zun\u00e4chst in einer Vakuumkammer bei einem Druck von bis zu <em>5 mbar<\/em> zerkleinert. Diese <strong>Vakuumzerkleinerung<\/strong> sorgt nicht nur f\u00fcr eine sichere, kontrollierte Zerkleinerung ohne Explosionsrisiko, sondern erleichtert auch die nachfolgenden Schritte, da unter dem extremen Unterdruck bereits ein Gro\u00dfteil der fl\u00fcchtigen Inhaltsstoffe entfernt wird. Direkt im Anschluss an den Zerkleinerer durchl\u00e4uft das zerkleinerte Material einen <strong>Intensiv-Trocknungsprozess<\/strong>, der verbleibende Feuchtigkeit sowie Elektrolyt aus den Batterieresten zieht. Die dabei ausdampfenden organischen L\u00f6sungsmittel des Elektrolyten \u2013 also die <strong>VOC (Volatile Organic Compounds)<\/strong> \u2013 werden in einem speziellen Kondensationssystem aufgefangen und <strong>kondensiert<\/strong>. So gewinnt die Anlage die fl\u00fcchtigen Elektrolytbestandteile zur\u00fcck, anstatt sie unkontrolliert in die Umwelt entweichen zu lassen. Dieses Zusammenspiel von Vakuumzerkleinerung, intensiver Trocknung und VOC-Kondensation stellt sicher, dass am Ende ein trockenes, weitgehend entgastes Zerkleinerungsgut (Black Mass und andere Fraktionen) vorliegt, das f\u00fcr die weitere Aufbereitung optimal geeignet ist.<\/p>\t\t\t\t\t\t\t\t<\/div>\n\t\t\t\t<\/div>\n\t\t\t\t\t<\/div>\n\t\t<\/div>\n\t\t\t\t<div class=\"elementor-column elementor-col-50 elementor-top-column elementor-element elementor-element-2a231ff\" data-id=\"2a231ff\" data-element_type=\"column\">\n\t\t\t<div class=\"elementor-widget-wrap elementor-element-populated\">\n\t\t\t\t\t\t<div class=\"elementor-element elementor-element-960dc2a elementor-widget elementor-widget-heading\" data-id=\"960dc2a\" data-element_type=\"widget\" data-widget_type=\"heading.default\">\n\t\t\t\t<div class=\"elementor-widget-container\">\n\t\t\t\t\t<h5 class=\"elementor-heading-title elementor-size-default\">\u201eVakuumzerkleinerung und Intensiv-Trocknung verwandeln Batteriereste sicher in trockenes, entgastes Material \u2013 effizient und emissionsarm.\u201c<\/h5>\t\t\t\t<\/div>\n\t\t\t\t<\/div>\n\t\t\t\t\t<\/div>\n\t\t<\/div>\n\t\t\t\t\t<\/div>\n\t\t<\/section>\n\t\t\t\t<section class=\"elementor-section elementor-top-section elementor-element elementor-element-89ffad2 elementor-reverse-mobile elementor-section-boxed elementor-section-height-default elementor-section-height-default\" data-id=\"89ffad2\" data-element_type=\"section\" data-settings=\"{&quot;background_background&quot;:&quot;classic&quot;}\">\n\t\t\t\t\t\t<div class=\"elementor-container elementor-column-gap-wide\">\n\t\t\t\t\t<div class=\"elementor-column elementor-col-100 elementor-top-column elementor-element elementor-element-f995c61\" data-id=\"f995c61\" data-element_type=\"column\">\n\t\t\t<div class=\"elementor-widget-wrap elementor-element-populated\">\n\t\t\t\t\t\t<div class=\"elementor-element elementor-element-44f48c6 elementor-widget elementor-widget-heading\" data-id=\"44f48c6\" data-element_type=\"widget\" data-widget_type=\"heading.default\">\n\t\t\t\t<div class=\"elementor-widget-container\">\n\t\t\t\t\t<h3 class=\"elementor-heading-title elementor-size-default\">Volle Kontrolle, h\u00f6chste Transparenz, sichere Skalierbarkeit<\/h3>\t\t\t\t<\/div>\n\t\t\t\t<\/div>\n\t\t\t\t<div class=\"elementor-element elementor-element-e4d530b elementor-widget elementor-widget-toggle\" data-id=\"e4d530b\" data-element_type=\"widget\" data-widget_type=\"toggle.default\">\n\t\t\t\t<div class=\"elementor-widget-container\">\n\t\t\t\t\t\t\t<div class=\"elementor-toggle\">\n\t\t\t\t\t\t\t<div class=\"elementor-toggle-item\">\n\t\t\t\t\t<div id=\"elementor-tab-title-2391\" class=\"elementor-tab-title\" data-tab=\"1\" role=\"button\" aria-controls=\"elementor-tab-content-2391\" aria-expanded=\"false\">\n\t\t\t\t\t\t\t\t\t\t\t\t<span class=\"elementor-toggle-icon elementor-toggle-icon-left\" aria-hidden=\"true\">\n\t\t\t\t\t\t\t\t\t\t\t\t\t\t\t<span class=\"elementor-toggle-icon-closed\"><i class=\"fas fa-caret-right\"><\/i><\/span>\n\t\t\t\t\t\t\t\t<span class=\"elementor-toggle-icon-opened\"><i class=\"elementor-toggle-icon-opened fas fa-caret-up\"><\/i><\/span>\n\t\t\t\t\t\t\t\t\t\t\t\t\t<\/span>\n\t\t\t\t\t\t\t\t\t\t\t\t<a class=\"elementor-toggle-title\" tabindex=\"0\">Hohe Datentransparenz und Kontrolle <\/a>\n\t\t\t\t\t<\/div>\n\n\t\t\t\t\t<div id=\"elementor-tab-content-2391\" class=\"elementor-tab-content elementor-clearfix\" data-tab=\"1\" role=\"region\" aria-labelledby=\"elementor-tab-title-2391\"><p><strong>Hohe Datentransparenz und Kontrolle<\/strong> zeichnen die R&amp;D Line ebenfalls aus. Alle relevanten Prozessparameter werden l\u00fcckenlos erfasst und aufgezeichnet, was eine detaillierte Analyse jedes Versuchs in Echtzeit und im Nachhinein erm\u00f6glicht. \u00dcber standardisierte Schnittstellen wie <strong>OPC-UA<\/strong> k\u00f6nnen die Live-Daten aus der Anlage ausgelesen und in \u00fcbergeordnete Leitsysteme integriert werden. Ein integriertes <strong>Data-Logging<\/strong> speichert s\u00e4mtliche Messwerte und Einstellungen w\u00e4hrend des Betriebs, sodass Versuchsreihen exakt dokumentiert und reproduzierbar gemacht werden. Zudem bietet eine <strong>Video\u00fcberwachung<\/strong> Einblick in die kritischen Prozesszonen \u2013 etwa den Zerkleinerungsraum \u2013 und erlaubt es, den Ablauf visuell zu verfolgen. Diese Transparenz in Verbindung mit umfassender Sensorik gibt dem Fachpublikum die M\u00f6glichkeit, die Prozessschritte genau zu verstehen, zu optimieren und wissenschaftlich auszuwerten.<\/p><\/div>\n\t\t\t\t<\/div>\n\t\t\t\t\t\t\t<div class=\"elementor-toggle-item\">\n\t\t\t\t\t<div id=\"elementor-tab-title-2392\" class=\"elementor-tab-title\" data-tab=\"2\" role=\"button\" aria-controls=\"elementor-tab-content-2392\" aria-expanded=\"false\">\n\t\t\t\t\t\t\t\t\t\t\t\t<span class=\"elementor-toggle-icon elementor-toggle-icon-left\" aria-hidden=\"true\">\n\t\t\t\t\t\t\t\t\t\t\t\t\t\t\t<span class=\"elementor-toggle-icon-closed\"><i class=\"fas fa-caret-right\"><\/i><\/span>\n\t\t\t\t\t\t\t\t<span class=\"elementor-toggle-icon-opened\"><i class=\"elementor-toggle-icon-opened fas fa-caret-up\"><\/i><\/span>\n\t\t\t\t\t\t\t\t\t\t\t\t\t<\/span>\n\t\t\t\t\t\t\t\t\t\t\t\t<a class=\"elementor-toggle-title\" tabindex=\"0\">pr\u00e4zise Versuchsf\u00fchrung <\/a>\n\t\t\t\t\t<\/div>\n\n\t\t\t\t\t<div id=\"elementor-tab-content-2392\" class=\"elementor-tab-content elementor-clearfix\" data-tab=\"2\" role=\"region\" aria-labelledby=\"elementor-tab-title-2392\"><p>F\u00fcr eine <strong>pr\u00e4zise Versuchsf\u00fchrung<\/strong> lassen sich die Anlagen flexibel an unterschiedliche Anforderungen anpassen. So verf\u00fcgen die R&amp;D Lines \u00fcber <strong>modulare Bodensiebe<\/strong> im Zerkleinerungsmodul, die je nach Versuch ausgetauscht werden k\u00f6nnen, um die gew\u00fcnschte Partikelgr\u00f6\u00dfe des Ausgangsmaterials einzustellen. Die mechanischen Komponenten wie Zerkleinerer oder Trennaggregate arbeiten mit <strong>variablen Drehzahlen<\/strong>, wodurch die Intensit\u00e4t der Zerkleinerung und F\u00f6rderung exakt gesteuert werden kann \u2013 von schonender Materialbehandlung bis zu intensiver Zerkleinerung ist alles nach Bedarf einstellbar. Dar\u00fcber hinaus sind die <strong>Heiz- und K\u00fchlprozesse<\/strong> innerhalb der Anlage fein regulierbar. Beispielsweise lassen sich Trocknungstemperaturen oder K\u00fchlleistungen an die spezifischen Versuchsanforderungen anpassen, um unterschiedliche Szenarien durchzuspielen. Diese Vielfalt an Stellgr\u00f6\u00dfen erm\u00f6glicht es, jeden Versuch unter genau definierten Bedingungen durchzuf\u00fchren und so belastbare, skalierbare Ergebnisse zu erzielen.<\/p><\/div>\n\t\t\t\t<\/div>\n\t\t\t\t\t\t\t<div class=\"elementor-toggle-item\">\n\t\t\t\t\t<div id=\"elementor-tab-title-2393\" class=\"elementor-tab-title\" data-tab=\"3\" role=\"button\" aria-controls=\"elementor-tab-content-2393\" aria-expanded=\"false\">\n\t\t\t\t\t\t\t\t\t\t\t\t<span class=\"elementor-toggle-icon elementor-toggle-icon-left\" aria-hidden=\"true\">\n\t\t\t\t\t\t\t\t\t\t\t\t\t\t\t<span class=\"elementor-toggle-icon-closed\"><i class=\"fas fa-caret-right\"><\/i><\/span>\n\t\t\t\t\t\t\t\t<span class=\"elementor-toggle-icon-opened\"><i class=\"elementor-toggle-icon-opened fas fa-caret-up\"><\/i><\/span>\n\t\t\t\t\t\t\t\t\t\t\t\t\t<\/span>\n\t\t\t\t\t\t\t\t\t\t\t\t<a class=\"elementor-toggle-title\" tabindex=\"0\">Sicherheit und Umweltschutz <\/a>\n\t\t\t\t\t<\/div>\n\n\t\t\t\t\t<div id=\"elementor-tab-content-2393\" class=\"elementor-tab-content elementor-clearfix\" data-tab=\"3\" role=\"region\" aria-labelledby=\"elementor-tab-title-2393\"><p><strong>Sicherheit und Umweltschutz<\/strong> werden bei der R&amp;D Line gro\u00dfgeschrieben. Die gesamte Anlage ist gas- und staubdicht ausgef\u00fchrt, sodass weder gesundheitsgef\u00e4hrdende St\u00e4ube (etwa feine Metalloxide wie Nickel- oder Kobaltoxide aus der Black Mass) noch L\u00f6semitteld\u00e4mpfe in die Arbeitsumgebung gelangen. Alle Prozessschritte finden in geschlossenen Systemen statt, was das Risiko f\u00fcr das Personal minimiert und die Umgebung vor Kontamination sch\u00fctzt. Zus\u00e4tzlich ist die Anlage mit einer <strong>Aktivkohlefilter-Technik<\/strong> zur Abgasbehandlung ausgestattet. Etwaige Restemissionen fl\u00fcchtiger organischer Verbindungen aus dem Prozess werden so effektiv aus der Abluft entfernt. Dadurch erf\u00fcllt die R&amp;D-Pilotanlage h\u00f6chste Sicherheitsstandards und Umweltauflagen.<\/p><\/div>\n\t\t\t\t<\/div>\n\t\t\t\t\t\t\t<div class=\"elementor-toggle-item\">\n\t\t\t\t\t<div id=\"elementor-tab-title-2394\" class=\"elementor-tab-title\" data-tab=\"4\" role=\"button\" aria-controls=\"elementor-tab-content-2394\" aria-expanded=\"false\">\n\t\t\t\t\t\t\t\t\t\t\t\t<span class=\"elementor-toggle-icon elementor-toggle-icon-left\" aria-hidden=\"true\">\n\t\t\t\t\t\t\t\t\t\t\t\t\t\t\t<span class=\"elementor-toggle-icon-closed\"><i class=\"fas fa-caret-right\"><\/i><\/span>\n\t\t\t\t\t\t\t\t<span class=\"elementor-toggle-icon-opened\"><i class=\"elementor-toggle-icon-opened fas fa-caret-up\"><\/i><\/span>\n\t\t\t\t\t\t\t\t\t\t\t\t\t<\/span>\n\t\t\t\t\t\t\t\t\t\t\t\t<a class=\"elementor-toggle-title\" tabindex=\"0\">Skalierbarkeit<\/a>\n\t\t\t\t\t<\/div>\n\n\t\t\t\t\t<div id=\"elementor-tab-content-2394\" class=\"elementor-tab-content elementor-clearfix\" data-tab=\"4\" role=\"region\" aria-labelledby=\"elementor-tab-title-2394\"><p>Ein entscheidender Vorteil der No Canary R&amp;D Lines liegt in ihrer <strong>Skalierbarkeit<\/strong>. S\u00e4mtliche in der Pilotanlage erprobten Verfahren und Parameter lassen sich nahtlos vom Labor- auf den <strong>industriellen Ma\u00dfstab<\/strong> \u00fcbertragen. Die Anlage wurde so ausgelegt, dass die gewonnenen Erkenntnisse und Prozessoptimierungen direkt in gro\u00dfe Durchsatzraten \u00fcberf\u00fchrt werden k\u00f6nnen \u2013 bis hin zu <strong>2000<\/strong><strong>\u202f<\/strong><strong>kg pro Stunde<\/strong> in vollindustriellen Recyclinganlagen. Damit dienen die R&amp;D Lines als Bindeglied zwischen Entwicklung und Gro\u00dfproduktion: Unternehmen und Forschungspartner k\u00f6nnen neue Recyclingprozesse zun\u00e4chst im kleinen Ma\u00dfstab validieren und optimieren, um sie anschlie\u00dfend mit hoher Zuverl\u00e4ssigkeit und geringem Risiko in die industrielle Produktion zu \u00fcberf\u00fchren. So tr\u00e4gt No Canary dazu bei, die Innovationszyklen im Batterierecycling zu verk\u00fcrzen und nachhaltige Technologien schneller zur Marktreife zu bringen, ohne Abstriche bei Sicherheit oder Effizienz.<\/p><\/div>\n\t\t\t\t<\/div>\n\t\t\t\t\t\t\t\t<\/div>\n\t\t\t\t\t\t<\/div>\n\t\t\t\t<\/div>\n\t\t\t\t\t<\/div>\n\t\t<\/div>\n\t\t\t\t\t<\/div>\n\t\t<\/section>\n\t\t\t\t<section class=\"elementor-section elementor-top-section elementor-element elementor-element-6a6da13 elementor-reverse-mobile elementor-section-boxed elementor-section-height-default elementor-section-height-default\" data-id=\"6a6da13\" data-element_type=\"section\" data-settings=\"{&quot;background_background&quot;:&quot;classic&quot;}\">\n\t\t\t\t\t\t<div class=\"elementor-container elementor-column-gap-default\">\n\t\t\t\t\t<div class=\"elementor-column elementor-col-100 elementor-top-column elementor-element elementor-element-7542a1b\" data-id=\"7542a1b\" data-element_type=\"column\">\n\t\t\t<div class=\"elementor-widget-wrap elementor-element-populated\">\n\t\t\t\t\t\t<div class=\"elementor-element elementor-element-bf83554 elementor-widget elementor-widget-image\" data-id=\"bf83554\" data-element_type=\"widget\" data-widget_type=\"image.default\">\n\t\t\t\t<div class=\"elementor-widget-container\">\n\t\t\t\t\t\t\t\t\t\t\t\t\t\t\t<img decoding=\"async\" width=\"800\" height=\"534\" src=\"https:\/\/nocanary.com\/wp-content\/uploads\/2025\/10\/NoCanary_nov23_31Lres-1024x683.webp\" class=\"attachment-large size-large wp-image-1432\" alt=\"\" srcset=\"https:\/\/nocanary.com\/wp-content\/uploads\/2025\/10\/NoCanary_nov23_31Lres-1024x683.webp 1024w, https:\/\/nocanary.com\/wp-content\/uploads\/2025\/10\/NoCanary_nov23_31Lres-300x200.webp 300w, https:\/\/nocanary.com\/wp-content\/uploads\/2025\/10\/NoCanary_nov23_31Lres-768x512.webp 768w, https:\/\/nocanary.com\/wp-content\/uploads\/2025\/10\/NoCanary_nov23_31Lres-1536x1025.webp 1536w, https:\/\/nocanary.com\/wp-content\/uploads\/2025\/10\/NoCanary_nov23_31Lres.webp 2000w\" sizes=\"(max-width: 800px) 100vw, 800px\" \/>\t\t\t\t\t\t\t\t\t\t\t\t\t\t\t<\/div>\n\t\t\t\t<\/div>\n\t\t\t\t\t<\/div>\n\t\t<\/div>\n\t\t\t\t\t<\/div>\n\t\t<\/section>\n\t\t\t\t<\/div>\n\t\t","protected":false},"excerpt":{"rendered":"<p>Forschungs- und Entwicklungsanlagen zum Batterierecycling Die R&amp;D Lines von No Canary sind als Pilotanlagen f\u00fcr Forschung und Entwicklung im Bereich des Lithium-Ionen-Batterie-Recyclings konzipiert. Diese kompakten Recyclinganlagen erm\u00f6glichen es Forschungsinstitutionen, Universit\u00e4ten und F&amp;E-Abteilungen von Unternehmen, nachhaltige Recyclingprozesse im kleinen Ma\u00dfstab zu erproben und anschlie\u00dfend erfolgreich auf industrielle Gr\u00f6\u00dfenordnungen zu \u00fcbertragen. Durch ihren modularen Aufbau und die [&hellip;]<\/p>\n","protected":false},"author":6,"featured_media":0,"parent":0,"menu_order":0,"comment_status":"closed","ping_status":"closed","template":"","meta":{"footnotes":""},"class_list":["post-1405","page","type-page","status-publish","hentry"],"_links":{"self":[{"href":"https:\/\/nocanary.com\/de\/wp-json\/wp\/v2\/pages\/1405","targetHints":{"allow":["GET"]}}],"collection":[{"href":"https:\/\/nocanary.com\/de\/wp-json\/wp\/v2\/pages"}],"about":[{"href":"https:\/\/nocanary.com\/de\/wp-json\/wp\/v2\/types\/page"}],"author":[{"embeddable":true,"href":"https:\/\/nocanary.com\/de\/wp-json\/wp\/v2\/users\/6"}],"replies":[{"embeddable":true,"href":"https:\/\/nocanary.com\/de\/wp-json\/wp\/v2\/comments?post=1405"}],"version-history":[{"count":11,"href":"https:\/\/nocanary.com\/de\/wp-json\/wp\/v2\/pages\/1405\/revisions"}],"predecessor-version":[{"id":1478,"href":"https:\/\/nocanary.com\/de\/wp-json\/wp\/v2\/pages\/1405\/revisions\/1478"}],"wp:attachment":[{"href":"https:\/\/nocanary.com\/de\/wp-json\/wp\/v2\/media?parent=1405"}],"curies":[{"name":"wp","href":"https:\/\/api.w.org\/{rel}","templated":true}]}}