{"id":570,"date":"2022-09-13T14:36:47","date_gmt":"2022-09-13T12:36:47","guid":{"rendered":"http:\/\/no-canary.hosting-kitchen.de\/?page_id=570"},"modified":"2022-09-14T15:26:37","modified_gmt":"2022-09-14T13:26:37","slug":"plug-and-play","status":"publish","type":"page","link":"https:\/\/nocanary.com\/de\/plug-and-play\/","title":{"rendered":"Plug-and-Play"},"content":{"rendered":"\t\t<div data-elementor-type=\"wp-page\" data-elementor-id=\"570\" class=\"elementor elementor-570\" data-elementor-post-type=\"page\">\n\t\t\t\t\t\t<section class=\"elementor-section elementor-top-section elementor-element elementor-element-5c5f953 elementor-section-height-min-height elementor-section-items-stretch elementor-section-content-bottom elementor-section-boxed elementor-section-height-default\" data-id=\"5c5f953\" data-element_type=\"section\" data-settings=\"{&quot;background_background&quot;:&quot;classic&quot;}\">\n\t\t\t\t\t\t\t<div class=\"elementor-background-overlay\"><\/div>\n\t\t\t\t\t\t\t<div class=\"elementor-container elementor-column-gap-no\">\n\t\t\t\t\t<div class=\"elementor-column elementor-col-100 elementor-top-column elementor-element elementor-element-4cd507f\" data-id=\"4cd507f\" data-element_type=\"column\">\n\t\t\t<div class=\"elementor-widget-wrap elementor-element-populated\">\n\t\t\t\t\t\t<div class=\"elementor-element elementor-element-8bc93b3 elementor-widget elementor-widget-heading\" data-id=\"8bc93b3\" data-element_type=\"widget\" data-widget_type=\"heading.default\">\n\t\t\t\t<div class=\"elementor-widget-container\">\n\t\t\t\t\t<h1 class=\"elementor-heading-title elementor-size-default\">Plug-and-Play<\/h1>\t\t\t\t<\/div>\n\t\t\t\t<\/div>\n\t\t\t\t\t<\/div>\n\t\t<\/div>\n\t\t\t\t\t<\/div>\n\t\t<\/section>\n\t\t\t\t<section class=\"elementor-section elementor-top-section elementor-element elementor-element-991011a elementor-section-content-bottom elementor-section-height-min-height elementor-section-items-stretch elementor-section-boxed elementor-section-height-default\" data-id=\"991011a\" data-element_type=\"section\" data-settings=\"{&quot;background_background&quot;:&quot;classic&quot;,&quot;background_motion_fx_motion_fx_scrolling&quot;:&quot;yes&quot;,&quot;background_motion_fx_scale_effect&quot;:&quot;yes&quot;,&quot;background_motion_fx_scale_direction&quot;:&quot;in-out&quot;,&quot;background_motion_fx_scale_range&quot;:{&quot;unit&quot;:&quot;%&quot;,&quot;size&quot;:&quot;&quot;,&quot;sizes&quot;:{&quot;start&quot;:20,&quot;end&quot;:57}},&quot;background_motion_fx_scale_speed&quot;:{&quot;unit&quot;:&quot;px&quot;,&quot;size&quot;:4,&quot;sizes&quot;:[]},&quot;background_motion_fx_devices&quot;:[&quot;desktop&quot;,&quot;tablet&quot;,&quot;mobile&quot;]}\">\n\t\t\t\t\t\t\t<div class=\"elementor-background-overlay\"><\/div>\n\t\t\t\t\t\t\t<div class=\"elementor-container elementor-column-gap-default\">\n\t\t\t\t\t<div class=\"elementor-column elementor-col-50 elementor-top-column elementor-element elementor-element-8c9657e\" data-id=\"8c9657e\" data-element_type=\"column\">\n\t\t\t<div class=\"elementor-widget-wrap elementor-element-populated\">\n\t\t\t\t\t\t<div class=\"elementor-element elementor-element-867bfb2 elementor-widget elementor-widget-text-editor\" data-id=\"867bfb2\" data-element_type=\"widget\" data-widget_type=\"text-editor.default\">\n\t\t\t\t<div class=\"elementor-widget-container\">\n\t\t\t\t\t\t\t\t\t<p>Wir sehen einen gro\u00dfen Wert darin, Anlagen f\u00fcr das Recycling von Lithium-Ionen-Batterien und von Batterie-Produktionsaussch\u00fcssen sehr schnell und sofort mit der kompletten technischen Kapazit\u00e4t zu liefern. Dar\u00fcber hinaus m\u00f6chten wir dem Kunden ein schnelles Anschalten der Maschinen und eine steile Hochlauframpe beim Produktionsanlauf erm\u00f6glichen.<\/p>\t\t\t\t\t\t\t\t<\/div>\n\t\t\t\t<\/div>\n\t\t\t\t\t<\/div>\n\t\t<\/div>\n\t\t\t\t<div class=\"elementor-column elementor-col-50 elementor-top-column elementor-element elementor-element-5375d6b\" data-id=\"5375d6b\" data-element_type=\"column\">\n\t\t\t<div class=\"elementor-widget-wrap elementor-element-populated\">\n\t\t\t\t\t\t<div class=\"elementor-element elementor-element-8b85b4b elementor-widget elementor-widget-heading\" data-id=\"8b85b4b\" data-element_type=\"widget\" data-widget_type=\"heading.default\">\n\t\t\t\t<div class=\"elementor-widget-container\">\n\t\t\t\t\t<h5 class=\"elementor-heading-title elementor-size-default\"> <b>Unser Versprechen:<\/b> Wir reduzieren die Zeit zum Produktionsbeginn (Start of Production: SOP) auf ein Minimum. <\/h5>\t\t\t\t<\/div>\n\t\t\t\t<\/div>\n\t\t\t\t\t<\/div>\n\t\t<\/div>\n\t\t\t\t\t<\/div>\n\t\t<\/section>\n\t\t\t\t<section class=\"elementor-section elementor-top-section elementor-element elementor-element-fee89fc elementor-reverse-mobile elementor-section-boxed elementor-section-height-default elementor-section-height-default\" data-id=\"fee89fc\" data-element_type=\"section\" data-settings=\"{&quot;background_background&quot;:&quot;classic&quot;}\">\n\t\t\t\t\t\t<div class=\"elementor-container elementor-column-gap-wide\">\n\t\t\t\t\t<div class=\"elementor-column elementor-col-50 elementor-top-column elementor-element elementor-element-a6fe859\" data-id=\"a6fe859\" data-element_type=\"column\">\n\t\t\t<div class=\"elementor-widget-wrap elementor-element-populated\">\n\t\t\t\t\t\t<div class=\"elementor-element elementor-element-5f6d6d2 elementor-widget elementor-widget-text-editor\" data-id=\"5f6d6d2\" data-element_type=\"widget\" data-widget_type=\"text-editor.default\">\n\t\t\t\t<div class=\"elementor-widget-container\">\n\t\t\t\t\t\t\t\t\t<p>Das Kernelement dieser Strategie ist, dass wir die Recyclinganlage an unserem Standort in Salzgitter komplett aufbauen und einfahren. Der Kunde nimmt die Anlage in Salzgitter komplett funktionst\u00fcchtig ab und die Mitarbeiter des Kunden k\u00f6nnen schon in Salzgitter geschult werden, bevor die Anlage ausgeliefert ist. Erst wenn die Anlage zur Zufriedenheit des Kunden eingefahren ist, wird sie ausgeliefert und ist in 14 Tagen nach Ankunft beim Kunden einsatzbereit.<\/p><p>Die Einteilung des No Canary-Prozesses in die Module Pre-Modul und Produkt-Modul erm\u00f6glicht zudem den dezentralen Aufbau des Prozesses.<\/p>\t\t\t\t\t\t\t\t<\/div>\n\t\t\t\t<\/div>\n\t\t\t\t\t<\/div>\n\t\t<\/div>\n\t\t\t\t<div class=\"elementor-column elementor-col-50 elementor-top-column elementor-element elementor-element-3669b68\" data-id=\"3669b68\" data-element_type=\"column\">\n\t\t\t<div class=\"elementor-widget-wrap elementor-element-populated\">\n\t\t\t\t\t\t<div class=\"elementor-element elementor-element-f8487e6 elementor-widget elementor-widget-text-editor\" data-id=\"f8487e6\" data-element_type=\"widget\" data-widget_type=\"text-editor.default\">\n\t\t\t\t<div class=\"elementor-widget-container\">\n\t\t\t\t\t\t\t\t\t<p>Bevor und w\u00e4hrend der Fertigung der Anlage in Salzgitter sind wir bereit bei Standortplanung, Genehmigung und Arbeitsplanung zu unterst\u00fctzen, um ein schnelles Hochfahren des Standortes auf die geplante Kapazit\u00e4t zu erm\u00f6glichen.<\/p><p>Schon vor der Auslieferung k\u00f6nnen Testchargen verarbeitet werden und Kunden oder die interne Verwertung der Recyclingprodukte mit den Proben der Testl\u00e4ufe der Battery-to-Black Mass-Anlage bemustert werden.<\/p>\t\t\t\t\t\t\t\t<\/div>\n\t\t\t\t<\/div>\n\t\t\t\t\t<\/div>\n\t\t<\/div>\n\t\t\t\t\t<\/div>\n\t\t<\/section>\n\t\t\t\t<\/div>\n\t\t","protected":false},"excerpt":{"rendered":"<p>Plug-and-Play Wir sehen einen gro\u00dfen Wert darin, Anlagen f\u00fcr das Recycling von Lithium-Ionen-Batterien und von Batterie-Produktionsaussch\u00fcssen sehr schnell und sofort mit der kompletten technischen Kapazit\u00e4t zu liefern. Dar\u00fcber hinaus m\u00f6chten wir dem Kunden ein schnelles Anschalten der Maschinen und eine steile Hochlauframpe beim Produktionsanlauf erm\u00f6glichen. Unser Versprechen: Wir reduzieren die Zeit zum Produktionsbeginn (Start of [&hellip;]<\/p>\n","protected":false},"author":1,"featured_media":0,"parent":0,"menu_order":0,"comment_status":"closed","ping_status":"closed","template":"","meta":{"footnotes":""},"class_list":["post-570","page","type-page","status-publish","hentry"],"_links":{"self":[{"href":"https:\/\/nocanary.com\/de\/wp-json\/wp\/v2\/pages\/570","targetHints":{"allow":["GET"]}}],"collection":[{"href":"https:\/\/nocanary.com\/de\/wp-json\/wp\/v2\/pages"}],"about":[{"href":"https:\/\/nocanary.com\/de\/wp-json\/wp\/v2\/types\/page"}],"author":[{"embeddable":true,"href":"https:\/\/nocanary.com\/de\/wp-json\/wp\/v2\/users\/1"}],"replies":[{"embeddable":true,"href":"https:\/\/nocanary.com\/de\/wp-json\/wp\/v2\/comments?post=570"}],"version-history":[{"count":16,"href":"https:\/\/nocanary.com\/de\/wp-json\/wp\/v2\/pages\/570\/revisions"}],"predecessor-version":[{"id":1021,"href":"https:\/\/nocanary.com\/de\/wp-json\/wp\/v2\/pages\/570\/revisions\/1021"}],"wp:attachment":[{"href":"https:\/\/nocanary.com\/de\/wp-json\/wp\/v2\/media?parent=570"}],"curies":[{"name":"wp","href":"https:\/\/api.w.org\/{rel}","templated":true}]}}