{"id":579,"date":"2022-09-13T14:43:06","date_gmt":"2022-09-13T12:43:06","guid":{"rendered":"http:\/\/no-canary.hosting-kitchen.de\/?page_id=579"},"modified":"2022-09-14T15:28:39","modified_gmt":"2022-09-14T13:28:39","slug":"sicherheit","status":"publish","type":"page","link":"https:\/\/nocanary.com\/de\/sicherheit\/","title":{"rendered":"Sicherheit"},"content":{"rendered":"\t\t<div data-elementor-type=\"wp-page\" data-elementor-id=\"579\" class=\"elementor elementor-579\" data-elementor-post-type=\"page\">\n\t\t\t\t\t\t<section class=\"elementor-section elementor-top-section elementor-element elementor-element-5c5f953 elementor-section-height-min-height elementor-section-items-stretch elementor-section-content-bottom elementor-section-boxed elementor-section-height-default\" data-id=\"5c5f953\" data-element_type=\"section\" data-settings=\"{&quot;background_background&quot;:&quot;classic&quot;}\">\n\t\t\t\t\t\t\t<div class=\"elementor-background-overlay\"><\/div>\n\t\t\t\t\t\t\t<div class=\"elementor-container elementor-column-gap-no\">\n\t\t\t\t\t<div class=\"elementor-column elementor-col-100 elementor-top-column elementor-element elementor-element-4cd507f\" data-id=\"4cd507f\" data-element_type=\"column\">\n\t\t\t<div class=\"elementor-widget-wrap elementor-element-populated\">\n\t\t\t\t\t\t<div class=\"elementor-element elementor-element-8bc93b3 elementor-widget elementor-widget-heading\" data-id=\"8bc93b3\" data-element_type=\"widget\" data-widget_type=\"heading.default\">\n\t\t\t\t<div class=\"elementor-widget-container\">\n\t\t\t\t\t<h1 class=\"elementor-heading-title elementor-size-default\">Sicherheit<\/h1>\t\t\t\t<\/div>\n\t\t\t\t<\/div>\n\t\t\t\t\t<\/div>\n\t\t<\/div>\n\t\t\t\t\t<\/div>\n\t\t<\/section>\n\t\t\t\t<section class=\"elementor-section elementor-top-section elementor-element elementor-element-fee89fc elementor-reverse-mobile elementor-section-boxed elementor-section-height-default elementor-section-height-default\" data-id=\"fee89fc\" data-element_type=\"section\" data-settings=\"{&quot;background_background&quot;:&quot;classic&quot;}\">\n\t\t\t\t\t\t<div class=\"elementor-container elementor-column-gap-wide\">\n\t\t\t\t\t<div class=\"elementor-column elementor-col-50 elementor-top-column elementor-element elementor-element-a6fe859\" data-id=\"a6fe859\" data-element_type=\"column\">\n\t\t\t<div class=\"elementor-widget-wrap elementor-element-populated\">\n\t\t\t\t\t\t<div class=\"elementor-element elementor-element-5f6d6d2 elementor-widget elementor-widget-text-editor\" data-id=\"5f6d6d2\" data-element_type=\"widget\" data-widget_type=\"text-editor.default\">\n\t\t\t\t<div class=\"elementor-widget-container\">\n\t\t\t\t\t\t\t\t\t<p>Der Anspruch, unseren Kunden den sichersten Recycling-Prozess f\u00fcr Lithium-Ionen-Batterien zur Verf\u00fcgung zu stellen, realisiert das Verfahren folgenderma\u00dfen:<\/p><p>Organische L\u00f6sungsmittel, die Bestandteil des Batterieelektrolyten sind, k\u00f6nnen beim Verdampfen in geschlossenen R\u00e4umen z\u00fcndf\u00e4hige und explosionsf\u00e4hige Gemische bilden. Da die Lithium-Ionen-Batterie zudem zweckgem\u00e4\u00df Energie speichert und somit ein Vielfaches der notwendigen Z\u00fcndenergie bereitstellen kann, ist beim Recycling von Lithium-Ionen-Batterien Vorsicht geboten.<\/p>\t\t\t\t\t\t\t\t<\/div>\n\t\t\t\t<\/div>\n\t\t\t\t\t<\/div>\n\t\t<\/div>\n\t\t\t\t<div class=\"elementor-column elementor-col-50 elementor-top-column elementor-element elementor-element-3669b68\" data-id=\"3669b68\" data-element_type=\"column\">\n\t\t\t<div class=\"elementor-widget-wrap elementor-element-populated\">\n\t\t\t\t\t\t<div class=\"elementor-element elementor-element-f8487e6 elementor-widget elementor-widget-text-editor\" data-id=\"f8487e6\" data-element_type=\"widget\" data-widget_type=\"text-editor.default\">\n\t\t\t\t<div class=\"elementor-widget-container\">\n\t\t\t\t\t\t\t\t\t<p><strong>No Canary l\u00f6st diese Problemstellung auf dem sichersten Weg:<\/strong><\/p><p>Durch die Vakuumzerkleinerung bei Werten bis zu 5 mbar Absolutdruck wird das notwendige Explosionsschutzlevel um das zwanzigfache unterschritten. Zudem werden durch die Evakuierung des Pre-Moduls die Reaktionspartner Sauerstoff und fl\u00fcchtige Organik in der Anlage deutlich reduziert. Bei 5 mbar befinden sich im Gasvolumen nur noch 0,5 % oder 1\/200 der Molek\u00fcle, die sich bei Normaldruck im gleichen Volumen befinden.<\/p>\t\t\t\t\t\t\t\t<\/div>\n\t\t\t\t<\/div>\n\t\t\t\t\t<\/div>\n\t\t<\/div>\n\t\t\t\t\t<\/div>\n\t\t<\/section>\n\t\t\t\t<section class=\"elementor-section elementor-top-section elementor-element elementor-element-ee24e9a elementor-reverse-mobile elementor-section-boxed elementor-section-height-default elementor-section-height-default\" data-id=\"ee24e9a\" data-element_type=\"section\" data-settings=\"{&quot;background_background&quot;:&quot;classic&quot;}\">\n\t\t\t\t\t\t<div class=\"elementor-container elementor-column-gap-wide\">\n\t\t\t\t\t<div class=\"elementor-column elementor-col-50 elementor-top-column elementor-element elementor-element-a5ea3d3\" data-id=\"a5ea3d3\" data-element_type=\"column\">\n\t\t\t<div class=\"elementor-widget-wrap elementor-element-populated\">\n\t\t\t\t\t\t<div class=\"elementor-element elementor-element-c6cd3f1 elementor-widget elementor-widget-text-editor\" data-id=\"c6cd3f1\" data-element_type=\"widget\" data-widget_type=\"text-editor.default\">\n\t\t\t\t<div class=\"elementor-widget-container\">\n\t\t\t\t\t\t\t\t\t<p>Eine weitere besondere Herausforderung des Lithium-Ionen-Batterierecyclings sind die kanzerogenen Nickel- und Kobaltoxide in der Black Mass.<\/p><p>No Canary verhindert eine Freisetzung in die Arbeitsumgebung und Umwelt im Auftrag unserer sicherheits- und umweltbewussten Kunden am konsequentesten.<\/p>\t\t\t\t\t\t\t\t<\/div>\n\t\t\t\t<\/div>\n\t\t\t\t\t<\/div>\n\t\t<\/div>\n\t\t\t\t<div class=\"elementor-column elementor-col-50 elementor-top-column elementor-element elementor-element-a40ef78\" data-id=\"a40ef78\" data-element_type=\"column\">\n\t\t\t<div class=\"elementor-widget-wrap elementor-element-populated\">\n\t\t\t\t\t\t<div class=\"elementor-element elementor-element-455fda4 elementor-widget elementor-widget-text-editor\" data-id=\"455fda4\" data-element_type=\"widget\" data-widget_type=\"text-editor.default\">\n\t\t\t\t<div class=\"elementor-widget-container\">\n\t\t\t\t\t\t\t\t\t<p>Das Pre-Modul ist vakuumdicht und gasdicht ausgef\u00fchrt, so k\u00f6nnen keine Metalloxide und auch keine gasf\u00f6rmige Organik in die Arbeitsumgebung oder Umwelt gelangen.<\/p><p>Das Produkt-Modul arbeitet mit geschlossenen Luftkreisen zur pneumatischen F\u00f6rderung. So k\u00f6nnen auch hier keine Metalloxide in die Arbeitsumgebung oder Umwelt gelangen.<\/p>\t\t\t\t\t\t\t\t<\/div>\n\t\t\t\t<\/div>\n\t\t\t\t\t<\/div>\n\t\t<\/div>\n\t\t\t\t\t<\/div>\n\t\t<\/section>\n\t\t\t\t<\/div>\n\t\t","protected":false},"excerpt":{"rendered":"<p>Sicherheit Der Anspruch, unseren Kunden den sichersten Recycling-Prozess f\u00fcr Lithium-Ionen-Batterien zur Verf\u00fcgung zu stellen, realisiert das Verfahren folgenderma\u00dfen: Organische L\u00f6sungsmittel, die Bestandteil des Batterieelektrolyten sind, k\u00f6nnen beim Verdampfen in geschlossenen R\u00e4umen z\u00fcndf\u00e4hige und explosionsf\u00e4hige Gemische bilden. Da die Lithium-Ionen-Batterie zudem zweckgem\u00e4\u00df Energie speichert und somit ein Vielfaches der notwendigen Z\u00fcndenergie bereitstellen kann, ist beim Recycling [&hellip;]<\/p>\n","protected":false},"author":1,"featured_media":0,"parent":0,"menu_order":0,"comment_status":"closed","ping_status":"closed","template":"","meta":{"footnotes":""},"class_list":["post-579","page","type-page","status-publish","hentry"],"_links":{"self":[{"href":"https:\/\/nocanary.com\/de\/wp-json\/wp\/v2\/pages\/579","targetHints":{"allow":["GET"]}}],"collection":[{"href":"https:\/\/nocanary.com\/de\/wp-json\/wp\/v2\/pages"}],"about":[{"href":"https:\/\/nocanary.com\/de\/wp-json\/wp\/v2\/types\/page"}],"author":[{"embeddable":true,"href":"https:\/\/nocanary.com\/de\/wp-json\/wp\/v2\/users\/1"}],"replies":[{"embeddable":true,"href":"https:\/\/nocanary.com\/de\/wp-json\/wp\/v2\/comments?post=579"}],"version-history":[{"count":19,"href":"https:\/\/nocanary.com\/de\/wp-json\/wp\/v2\/pages\/579\/revisions"}],"predecessor-version":[{"id":1036,"href":"https:\/\/nocanary.com\/de\/wp-json\/wp\/v2\/pages\/579\/revisions\/1036"}],"wp:attachment":[{"href":"https:\/\/nocanary.com\/de\/wp-json\/wp\/v2\/media?parent=579"}],"curies":[{"name":"wp","href":"https:\/\/api.w.org\/{rel}","templated":true}]}}