{"id":697,"date":"2022-09-13T16:25:19","date_gmt":"2022-09-13T14:25:19","guid":{"rendered":"http:\/\/no-canary.hosting-kitchen.de\/?page_id=697"},"modified":"2022-09-14T15:27:34","modified_gmt":"2022-09-14T13:27:34","slug":"return-on-invest","status":"publish","type":"page","link":"https:\/\/nocanary.com\/de\/return-on-invest\/","title":{"rendered":"Return on Invest"},"content":{"rendered":"\t\t<div data-elementor-type=\"wp-page\" data-elementor-id=\"697\" class=\"elementor elementor-697\" data-elementor-post-type=\"page\">\n\t\t\t\t\t\t<section class=\"elementor-section elementor-top-section elementor-element elementor-element-5c5f953 elementor-section-height-min-height elementor-section-items-stretch elementor-section-content-bottom elementor-section-boxed elementor-section-height-default\" data-id=\"5c5f953\" data-element_type=\"section\" data-settings=\"{&quot;background_background&quot;:&quot;classic&quot;}\">\n\t\t\t\t\t\t\t<div class=\"elementor-background-overlay\"><\/div>\n\t\t\t\t\t\t\t<div class=\"elementor-container elementor-column-gap-no\">\n\t\t\t\t\t<div class=\"elementor-column elementor-col-100 elementor-top-column elementor-element elementor-element-4cd507f\" data-id=\"4cd507f\" data-element_type=\"column\">\n\t\t\t<div class=\"elementor-widget-wrap elementor-element-populated\">\n\t\t\t\t\t\t<div class=\"elementor-element elementor-element-8bc93b3 elementor-widget elementor-widget-heading\" data-id=\"8bc93b3\" data-element_type=\"widget\" data-widget_type=\"heading.default\">\n\t\t\t\t<div class=\"elementor-widget-container\">\n\t\t\t\t\t<h1 class=\"elementor-heading-title elementor-size-default\">Return on Invest<\/h1>\t\t\t\t<\/div>\n\t\t\t\t<\/div>\n\t\t\t\t\t<\/div>\n\t\t<\/div>\n\t\t\t\t\t<\/div>\n\t\t<\/section>\n\t\t\t\t<section class=\"elementor-section elementor-top-section elementor-element elementor-element-fee89fc elementor-reverse-mobile elementor-section-boxed elementor-section-height-default elementor-section-height-default\" data-id=\"fee89fc\" data-element_type=\"section\" data-settings=\"{&quot;background_background&quot;:&quot;classic&quot;}\">\n\t\t\t\t\t\t<div class=\"elementor-container elementor-column-gap-wide\">\n\t\t\t\t\t<div class=\"elementor-column elementor-col-50 elementor-top-column elementor-element elementor-element-a6fe859\" data-id=\"a6fe859\" data-element_type=\"column\">\n\t\t\t<div class=\"elementor-widget-wrap elementor-element-populated\">\n\t\t\t\t\t\t<div class=\"elementor-element elementor-element-5f6d6d2 elementor-widget elementor-widget-text-editor\" data-id=\"5f6d6d2\" data-element_type=\"widget\" data-widget_type=\"text-editor.default\">\n\t\t\t\t<div class=\"elementor-widget-container\">\n\t\t\t\t\t\t\t\t\t<p>Durch No Canary\u2019s Battery-to-Black Mass Recycling k\u00f6nnen mit Lithium, Kobalt, Nickel, Kupfer, Graphit, Aluminium, den organischen Karbonaten und Mangan mehr Materialien zur\u00fcckgewonnen werden als in \u00e4lteren Prozessvarianten zum Recycling von Lithium-Ionen-Batterien.<\/p>\t\t\t\t\t\t\t\t<\/div>\n\t\t\t\t<\/div>\n\t\t\t\t\t<\/div>\n\t\t<\/div>\n\t\t\t\t<div class=\"elementor-column elementor-col-50 elementor-top-column elementor-element elementor-element-3669b68\" data-id=\"3669b68\" data-element_type=\"column\">\n\t\t\t<div class=\"elementor-widget-wrap elementor-element-populated\">\n\t\t\t\t\t\t<div class=\"elementor-element elementor-element-f8e536b elementor-widget elementor-widget-text-editor\" data-id=\"f8e536b\" data-element_type=\"widget\" data-widget_type=\"text-editor.default\">\n\t\t\t\t<div class=\"elementor-widget-container\">\n\t\t\t\t\t\t\t\t\t<p><span style=\"font-family: var( --e-global-typography-text-font-family ), Sans-serif;font-weight: var( --e-global-typography-text-font-weight )\">Insbesondere die effiziente R\u00fcckgewinnung von Lithium, Kobalt, Nickel und Graphit garantiert entscheidend erh\u00f6hte Einnahmen gegen\u00fcber Wettbewerbstechnologien. Zudem werden durch das Einsparen thermischer Deaktivierung Energie und Kosten gespart. Durch die Inertisierung mittels Vakuumzerkleinerung wird Stickstoff und damit Energie eingespart.<\/span><\/p>\t\t\t\t\t\t\t\t<\/div>\n\t\t\t\t<\/div>\n\t\t\t\t\t<\/div>\n\t\t<\/div>\n\t\t\t\t\t<\/div>\n\t\t<\/section>\n\t\t\t\t<section class=\"elementor-section elementor-top-section elementor-element elementor-element-895cff6 elementor-reverse-mobile elementor-section-boxed elementor-section-height-default elementor-section-height-default\" data-id=\"895cff6\" data-element_type=\"section\" data-settings=\"{&quot;background_background&quot;:&quot;classic&quot;}\">\n\t\t\t\t\t\t<div class=\"elementor-container elementor-column-gap-wide\">\n\t\t\t\t\t<div class=\"elementor-column elementor-col-100 elementor-top-column elementor-element elementor-element-0ff7905\" data-id=\"0ff7905\" data-element_type=\"column\">\n\t\t\t<div class=\"elementor-widget-wrap elementor-element-populated\">\n\t\t\t\t\t\t<div class=\"elementor-element elementor-element-32e4dc1 elementor-widget elementor-widget-text-editor\" data-id=\"32e4dc1\" data-element_type=\"widget\" data-widget_type=\"text-editor.default\">\n\t\t\t\t<div class=\"elementor-widget-container\">\n\t\t\t\t\t\t\t\t\t<p>Diese Bespielrechnung zeigt mit konservativen Annahmen die variablen Kosten und Einnahmen des Lithium-Ionen-Batterierecyclings mit dem No Canary Battery-to Black Mass-Prozess auf.<\/p><p>\u00a0<\/p><table width=\"697\"><tbody><tr><td width=\"489\"><p><strong>Abschreibung <\/strong>Recycling Anlage Battery-to-Black Mass<\/p><\/td><td width=\"208\"><p>1 t\/h &#8211; 5.000 t\/a<\/p><\/td><\/tr><tr><td width=\"489\"><p>Abschreibung [\u20ac\/t Bat]<\/p><\/td><td width=\"208\"><p>132<\/p><\/td><\/tr><tr><td width=\"489\">\u00a0<\/td><td width=\"208\">\u00a0<\/td><\/tr><tr><td width=\"489\"><p><strong>Variable Kosten <\/strong>(No Canary Technologie (inkl. Entladung und Demontage)<\/p><\/td><td width=\"208\"><p>\u00a0<\/p><\/td><\/tr><tr><td width=\"489\"><p>Entsorgung Plastik und Elektrolyt [\u20ac\/t Bat]<\/p><\/td><td width=\"208\"><p>100<\/p><\/td><\/tr><tr><td width=\"489\"><p>Personalkosten Facharbeiter (v.a. f\u00fcr Tiefenentladung und Demontage)\u00a0 [\u20ac\/t Bat]<\/p><\/td><td width=\"208\"><p>350<\/p><\/td><\/tr><tr><td width=\"489\"><p>Betriebsstoffe [\u20ac\/t Bat]<\/p><\/td><td width=\"208\"><p>45<\/p><\/td><\/tr><tr><td width=\"489\"><p>Stickstoff [\u20ac\/t Bat]<\/p><\/td><td width=\"208\"><p>5<\/p><\/td><\/tr><tr><td width=\"489\"><p>Elektrizit\u00e4t [\u20ac\/t Bat]<\/p><\/td><td width=\"208\"><p>25<\/p><\/td><\/tr><tr><td width=\"489\"><p>Messerklingen Schredder [\u20ac\/t Bat]<\/p><\/td><td width=\"208\"><p>20<\/p><\/td><\/tr><tr><td width=\"489\">\u00a0<\/td><td width=\"208\">\u00a0<\/td><\/tr><tr><td width=\"489\"><p><strong>Einnahmen <\/strong>(konservative Einsch\u00e4tzung f\u00fcr NMC 8:1:1 Batterien)<\/p><\/td><td width=\"208\"><p>\u00a0<\/p><\/td><\/tr><tr><td width=\"489\"><p>Gate fee (hoher Ni, Co-Gehalt) [\u20ac\/t Bat]<\/p><\/td><td width=\"208\"><p>1.000<\/p><\/td><\/tr><tr><td width=\"489\"><p>Black Mass [\u20ac\/t Bat]<\/p><\/td><td width=\"208\"><p>2.500<\/p><\/td><\/tr><tr><td width=\"489\"><p>Manuelle Demontage [\u20ac\/t Bat]<\/p><\/td><td width=\"208\"><p>150<\/p><\/td><\/tr><tr><td width=\"489\"><p>Schwergut [\u20ac\/t Bat]<\/p><\/td><td width=\"208\"><p>50<\/p><\/td><\/tr><tr><td width=\"489\"><p>Metallfolien [\u20ac\/t Bat]<\/p><\/td><td width=\"208\"><p>300<\/p><\/td><\/tr><tr><td width=\"489\">\u00a0<\/td><td width=\"208\">\u00a0<\/td><\/tr><tr><td width=\"489\"><p>Einnahmen [\u20ac\/t Bat]<\/p><\/td><td width=\"208\"><p>4.000<\/p><\/td><\/tr><tr><td width=\"489\"><p>Variable Kosten [\u20ac\/t Bat]<\/p><\/td><td width=\"208\"><p>545<\/p><\/td><\/tr><tr><td width=\"489\"><p><strong>Deckungsbeitrag [\u20ac\/t Bat]<\/strong><\/p><\/td><td width=\"208\"><p><strong>3.455<\/strong><\/p><\/td><\/tr><\/tbody><\/table>\t\t\t\t\t\t\t\t<\/div>\n\t\t\t\t<\/div>\n\t\t\t\t\t<\/div>\n\t\t<\/div>\n\t\t\t\t\t<\/div>\n\t\t<\/section>\n\t\t\t\t<\/div>\n\t\t","protected":false},"excerpt":{"rendered":"<p>Return on Invest Durch No Canary\u2019s Battery-to-Black Mass Recycling k\u00f6nnen mit Lithium, Kobalt, Nickel, Kupfer, Graphit, Aluminium, den organischen Karbonaten und Mangan mehr Materialien zur\u00fcckgewonnen werden als in \u00e4lteren Prozessvarianten zum Recycling von Lithium-Ionen-Batterien. Insbesondere die effiziente R\u00fcckgewinnung von Lithium, Kobalt, Nickel und Graphit garantiert entscheidend erh\u00f6hte Einnahmen gegen\u00fcber Wettbewerbstechnologien. Zudem werden durch das Einsparen [&hellip;]<\/p>\n","protected":false},"author":1,"featured_media":0,"parent":0,"menu_order":0,"comment_status":"closed","ping_status":"closed","template":"","meta":{"footnotes":""},"class_list":["post-697","page","type-page","status-publish","hentry"],"_links":{"self":[{"href":"https:\/\/nocanary.com\/de\/wp-json\/wp\/v2\/pages\/697","targetHints":{"allow":["GET"]}}],"collection":[{"href":"https:\/\/nocanary.com\/de\/wp-json\/wp\/v2\/pages"}],"about":[{"href":"https:\/\/nocanary.com\/de\/wp-json\/wp\/v2\/types\/page"}],"author":[{"embeddable":true,"href":"https:\/\/nocanary.com\/de\/wp-json\/wp\/v2\/users\/1"}],"replies":[{"embeddable":true,"href":"https:\/\/nocanary.com\/de\/wp-json\/wp\/v2\/comments?post=697"}],"version-history":[{"count":13,"href":"https:\/\/nocanary.com\/de\/wp-json\/wp\/v2\/pages\/697\/revisions"}],"predecessor-version":[{"id":1030,"href":"https:\/\/nocanary.com\/de\/wp-json\/wp\/v2\/pages\/697\/revisions\/1030"}],"wp:attachment":[{"href":"https:\/\/nocanary.com\/de\/wp-json\/wp\/v2\/media?parent=697"}],"curies":[{"name":"wp","href":"https:\/\/api.w.org\/{rel}","templated":true}]}}