{"id":702,"date":"2022-09-13T16:28:24","date_gmt":"2022-09-13T14:28:24","guid":{"rendered":"http:\/\/no-canary.hosting-kitchen.de\/?page_id=702"},"modified":"2022-09-14T15:28:08","modified_gmt":"2022-09-14T13:28:08","slug":"rohstoffe","status":"publish","type":"page","link":"https:\/\/nocanary.com\/de\/rohstoffe\/","title":{"rendered":"Rohstoffe"},"content":{"rendered":"\t\t<div data-elementor-type=\"wp-page\" data-elementor-id=\"702\" class=\"elementor elementor-702\" data-elementor-post-type=\"page\">\n\t\t\t\t\t\t<section class=\"elementor-section elementor-top-section elementor-element elementor-element-5c5f953 elementor-section-height-min-height elementor-section-items-stretch elementor-section-content-bottom elementor-section-boxed elementor-section-height-default\" data-id=\"5c5f953\" data-element_type=\"section\" data-settings=\"{&quot;background_background&quot;:&quot;classic&quot;}\">\n\t\t\t\t\t\t\t<div class=\"elementor-background-overlay\"><\/div>\n\t\t\t\t\t\t\t<div class=\"elementor-container elementor-column-gap-no\">\n\t\t\t\t\t<div class=\"elementor-column elementor-col-100 elementor-top-column elementor-element elementor-element-4cd507f\" data-id=\"4cd507f\" data-element_type=\"column\">\n\t\t\t<div class=\"elementor-widget-wrap elementor-element-populated\">\n\t\t\t\t\t\t<div class=\"elementor-element elementor-element-8bc93b3 elementor-widget elementor-widget-heading\" data-id=\"8bc93b3\" data-element_type=\"widget\" data-widget_type=\"heading.default\">\n\t\t\t\t<div class=\"elementor-widget-container\">\n\t\t\t\t\t<h1 class=\"elementor-heading-title elementor-size-default\">Rohstoffe<\/h1>\t\t\t\t<\/div>\n\t\t\t\t<\/div>\n\t\t\t\t\t<\/div>\n\t\t<\/div>\n\t\t\t\t\t<\/div>\n\t\t<\/section>\n\t\t\t\t<section class=\"elementor-section elementor-top-section elementor-element elementor-element-fee89fc elementor-reverse-mobile elementor-section-boxed elementor-section-height-default elementor-section-height-default\" data-id=\"fee89fc\" data-element_type=\"section\" data-settings=\"{&quot;background_background&quot;:&quot;classic&quot;}\">\n\t\t\t\t\t\t<div class=\"elementor-container elementor-column-gap-wide\">\n\t\t\t\t\t<div class=\"elementor-column elementor-col-50 elementor-top-column elementor-element elementor-element-a6fe859\" data-id=\"a6fe859\" data-element_type=\"column\">\n\t\t\t<div class=\"elementor-widget-wrap elementor-element-populated\">\n\t\t\t\t\t\t<div class=\"elementor-element elementor-element-5f6d6d2 elementor-widget elementor-widget-text-editor\" data-id=\"5f6d6d2\" data-element_type=\"widget\" data-widget_type=\"text-editor.default\">\n\t\t\t\t<div class=\"elementor-widget-container\">\n\t\t\t\t\t\t\t\t\t<p>F\u00fcr Elektroauto und Energiespeicher produzierende Wirtschaftsr\u00e4ume, Volkswirtschaften und Unternehmen ist strategische Rohstoffsicherung von Bedeutung. Die Verf\u00fcgbarkeit von Lithium, Nickel, Kobalt, Kupfer und Graphit kann mit dem Recycling von Lithium-Ionen-Batterien nach dem No Canary-Verfahren in Wirtschaftsr\u00e4umen oder auch Unternehmensebene verbessert werden.<\/p><p>Ganz sicher ist es strategisch, \u00f6konomisch und \u00f6kologisch sinnvoll, Rohstoffe unternehmensintern im Kreislauf zu f\u00fchren. Dieses gilt insbesondere hinsichtlich der Reduzierung von Produktionsausschuss-Materialien in der Batterieproduktion.<\/p>\t\t\t\t\t\t\t\t<\/div>\n\t\t\t\t<\/div>\n\t\t\t\t\t<\/div>\n\t\t<\/div>\n\t\t\t\t<div class=\"elementor-column elementor-col-50 elementor-top-column elementor-element elementor-element-3669b68\" data-id=\"3669b68\" data-element_type=\"column\">\n\t\t\t<div class=\"elementor-widget-wrap elementor-element-populated\">\n\t\t\t\t\t\t<div class=\"elementor-element elementor-element-f8487e6 elementor-widget elementor-widget-text-editor\" data-id=\"f8487e6\" data-element_type=\"widget\" data-widget_type=\"text-editor.default\">\n\t\t\t\t<div class=\"elementor-widget-container\">\n\t\t\t\t\t\t\t\t\t<p>Durch No Canary\u2019s Battery-to-Black Mass Recycling k\u00f6nnen mit Lithium, Kobalt, Nickel, Kupfer, Graphit, Aluminium, den organischen Karbonaten und Mangan mehr Materialien zur\u00fcckgewonnen werden als in \u00e4lteren Prozessvarianten zum Recycling von Lithium-Ionen-Batterien.<\/p><p>Insbesondere die effiziente R\u00fcckgewinnung von Lithium, Kobalt, Nickel und Graphit garantiert entscheidend erh\u00f6hte Einnahmen und CO<sub>2<\/sub>-Einsparungen gegen\u00fcber Wettbewerbstechnologien. Zudem werden durch das Einsparen thermischer Deaktivierung Energie und Kosten gespart. Durch die Inertisierung mittels Vakuumzerkleinerung wird Stickstoff und damit Energie eingespart.<\/p>\t\t\t\t\t\t\t\t<\/div>\n\t\t\t\t<\/div>\n\t\t\t\t\t<\/div>\n\t\t<\/div>\n\t\t\t\t\t<\/div>\n\t\t<\/section>\n\t\t\t\t<\/div>\n\t\t","protected":false},"excerpt":{"rendered":"<p>Rohstoffe F\u00fcr Elektroauto und Energiespeicher produzierende Wirtschaftsr\u00e4ume, Volkswirtschaften und Unternehmen ist strategische Rohstoffsicherung von Bedeutung. Die Verf\u00fcgbarkeit von Lithium, Nickel, Kobalt, Kupfer und Graphit kann mit dem Recycling von Lithium-Ionen-Batterien nach dem No Canary-Verfahren in Wirtschaftsr\u00e4umen oder auch Unternehmensebene verbessert werden. Ganz sicher ist es strategisch, \u00f6konomisch und \u00f6kologisch sinnvoll, Rohstoffe unternehmensintern im Kreislauf zu [&hellip;]<\/p>\n","protected":false},"author":1,"featured_media":0,"parent":0,"menu_order":0,"comment_status":"closed","ping_status":"closed","template":"","meta":{"footnotes":""},"class_list":["post-702","page","type-page","status-publish","hentry"],"_links":{"self":[{"href":"https:\/\/nocanary.com\/de\/wp-json\/wp\/v2\/pages\/702","targetHints":{"allow":["GET"]}}],"collection":[{"href":"https:\/\/nocanary.com\/de\/wp-json\/wp\/v2\/pages"}],"about":[{"href":"https:\/\/nocanary.com\/de\/wp-json\/wp\/v2\/types\/page"}],"author":[{"embeddable":true,"href":"https:\/\/nocanary.com\/de\/wp-json\/wp\/v2\/users\/1"}],"replies":[{"embeddable":true,"href":"https:\/\/nocanary.com\/de\/wp-json\/wp\/v2\/comments?post=702"}],"version-history":[{"count":7,"href":"https:\/\/nocanary.com\/de\/wp-json\/wp\/v2\/pages\/702\/revisions"}],"predecessor-version":[{"id":1033,"href":"https:\/\/nocanary.com\/de\/wp-json\/wp\/v2\/pages\/702\/revisions\/1033"}],"wp:attachment":[{"href":"https:\/\/nocanary.com\/de\/wp-json\/wp\/v2\/media?parent=702"}],"curies":[{"name":"wp","href":"https:\/\/api.w.org\/{rel}","templated":true}]}}