{"id":727,"date":"2022-09-13T16:35:18","date_gmt":"2022-09-13T14:35:18","guid":{"rendered":"http:\/\/no-canary.hosting-kitchen.de\/?page_id=727"},"modified":"2026-02-25T08:10:38","modified_gmt":"2026-02-25T07:10:38","slug":"impressum","status":"publish","type":"page","link":"https:\/\/nocanary.com\/de\/impressum\/","title":{"rendered":"Impressum"},"content":{"rendered":"\t\t<div data-elementor-type=\"wp-page\" data-elementor-id=\"727\" class=\"elementor elementor-727\" data-elementor-post-type=\"page\">\n\t\t\t\t\t\t<section class=\"elementor-section elementor-top-section elementor-element elementor-element-5c5f953 elementor-section-height-min-height elementor-section-items-stretch elementor-section-content-bottom elementor-section-boxed elementor-section-height-default\" data-id=\"5c5f953\" data-element_type=\"section\" data-settings=\"{&quot;background_background&quot;:&quot;classic&quot;}\">\n\t\t\t\t\t\t\t<div class=\"elementor-background-overlay\"><\/div>\n\t\t\t\t\t\t\t<div class=\"elementor-container elementor-column-gap-no\">\n\t\t\t\t\t<div class=\"elementor-column elementor-col-100 elementor-top-column elementor-element elementor-element-4cd507f\" data-id=\"4cd507f\" data-element_type=\"column\">\n\t\t\t<div class=\"elementor-widget-wrap\">\n\t\t\t\t\t\t\t<\/div>\n\t\t<\/div>\n\t\t\t\t\t<\/div>\n\t\t<\/section>\n\t\t\t\t<section class=\"elementor-section elementor-top-section elementor-element elementor-element-fee89fc elementor-reverse-mobile elementor-section-boxed elementor-section-height-default elementor-section-height-default\" data-id=\"fee89fc\" data-element_type=\"section\" data-settings=\"{&quot;background_background&quot;:&quot;classic&quot;}\">\n\t\t\t\t\t\t<div class=\"elementor-container elementor-column-gap-wide\">\n\t\t\t\t\t<div class=\"elementor-column elementor-col-100 elementor-top-column elementor-element elementor-element-a6fe859\" data-id=\"a6fe859\" data-element_type=\"column\">\n\t\t\t<div class=\"elementor-widget-wrap elementor-element-populated\">\n\t\t\t\t\t\t<div class=\"elementor-element elementor-element-8bc93b3 elementor-widget elementor-widget-heading\" data-id=\"8bc93b3\" data-element_type=\"widget\" data-widget_type=\"heading.default\">\n\t\t\t\t<div class=\"elementor-widget-container\">\n\t\t\t\t\t<h1 class=\"elementor-heading-title elementor-size-default\">Impressum<\/h1>\t\t\t\t<\/div>\n\t\t\t\t<\/div>\n\t\t\t\t<div class=\"elementor-element elementor-element-7651690 elementor-widget elementor-widget-text-editor\" data-id=\"7651690\" data-element_type=\"widget\" data-widget_type=\"text-editor.default\">\n\t\t\t\t<div class=\"elementor-widget-container\">\n\t\t\t\t\t\t\t\t\t<h5><strong>Diensteanbieter<\/strong><\/h5><p>No Canary GmbH<br \/>Nikolaus-Otto-Stra\u00dfe 17<br \/>38165 Lehre<br \/>Germany<\/p><div><h5><strong>Kontaktm\u00f6glichkeiten<\/strong><\/h5><div><p>E-Mail-Adresse:<br \/><a href=\"mailto:info@nocanary.com\">info@nocanary.com<\/a><\/p><p>Telefon:<br \/><a href=\"tel:+4953411766170\">+ 49 (0) 5341 17 66 \u2013 170<\/a><\/p><\/div><h5><strong>Vertretungsberechtigte Personen<\/strong><\/h5><div>Vertretungsberechtigt:<\/div><div>Benjamin von Loeper (Gesch\u00e4ftsf\u00fchrer), Christian Hanisch (Gesch\u00e4ftsf\u00fchrer)<\/div><div>\u00a0<\/div><h5><strong>Angaben zum Unternehmen Umsatzsteuer<\/strong><\/h5><div>Identifikationsnummer (USt-ID):<\/div><div>DE341433678<\/div><div>\u00a0<\/div><h5><strong>Register und Registernummer<\/strong><\/h5><div>Handelsregister Gef\u00fchrt bei:<\/div><div>Amtsgericht Braunschweig<\/div><div><p>Nummer:<br \/>HRB 209126<\/p><\/div><h5><strong>Social Media und andere Onlinepr\u00e4senzen<\/strong><\/h5><div>Dieses Impressum gilt auch f\u00fcr die folgenden Social-Media-Pr\u00e4senzen und Onlineprofile:<\/div><div><a href=\"https:\/\/www.linkedin.com\/company\/nocanary\/\" target=\"_blank\" rel=\"noopener\">https:\/\/www.linkedin.com\/company\/nocanary\/<\/a><\/div><div><a href=\"https:\/\/twitter.com\/NoCanary\" target=\"_blank\" rel=\"noopener\">https:\/\/twitter.com\/NoCanary<\/a><\/div><\/div>\t\t\t\t\t\t\t\t<\/div>\n\t\t\t\t<\/div>\n\t\t\t\t\t<\/div>\n\t\t<\/div>\n\t\t\t\t\t<\/div>\n\t\t<\/section>\n\t\t\t\t<\/div>\n\t\t","protected":false},"excerpt":{"rendered":"<p>Impressum Diensteanbieter No Canary GmbHNikolaus-Otto-Stra\u00dfe 1738165 LehreGermany Kontaktm\u00f6glichkeiten E-Mail-Adresse:info@nocanary.com Telefon:+ 49 (0) 5341 17 66 \u2013 170 Vertretungsberechtigte Personen Vertretungsberechtigt:Benjamin von Loeper (Gesch\u00e4ftsf\u00fchrer), Christian Hanisch (Gesch\u00e4ftsf\u00fchrer)\u00a0 Angaben zum Unternehmen Umsatzsteuer Identifikationsnummer (USt-ID):DE341433678\u00a0 Register und Registernummer Handelsregister Gef\u00fchrt bei:Amtsgericht Braunschweig Nummer:HRB 209126 Social Media und andere Onlinepr\u00e4senzen Dieses Impressum gilt auch f\u00fcr die folgenden Social-Media-Pr\u00e4senzen und [&hellip;]<\/p>\n","protected":false},"author":1,"featured_media":0,"parent":0,"menu_order":0,"comment_status":"closed","ping_status":"closed","template":"","meta":{"footnotes":""},"class_list":["post-727","page","type-page","status-publish","hentry"],"_links":{"self":[{"href":"https:\/\/nocanary.com\/de\/wp-json\/wp\/v2\/pages\/727","targetHints":{"allow":["GET"]}}],"collection":[{"href":"https:\/\/nocanary.com\/de\/wp-json\/wp\/v2\/pages"}],"about":[{"href":"https:\/\/nocanary.com\/de\/wp-json\/wp\/v2\/types\/page"}],"author":[{"embeddable":true,"href":"https:\/\/nocanary.com\/de\/wp-json\/wp\/v2\/users\/1"}],"replies":[{"embeddable":true,"href":"https:\/\/nocanary.com\/de\/wp-json\/wp\/v2\/comments?post=727"}],"version-history":[{"count":31,"href":"https:\/\/nocanary.com\/de\/wp-json\/wp\/v2\/pages\/727\/revisions"}],"predecessor-version":[{"id":1597,"href":"https:\/\/nocanary.com\/de\/wp-json\/wp\/v2\/pages\/727\/revisions\/1597"}],"wp:attachment":[{"href":"https:\/\/nocanary.com\/de\/wp-json\/wp\/v2\/media?parent=727"}],"curies":[{"name":"wp","href":"https:\/\/api.w.org\/{rel}","templated":true}]}}